{"id":8,"date":"2017-11-14T15:13:20","date_gmt":"2017-11-14T15:13:20","guid":{"rendered":"http:\/\/corallihotel.codibee.solutions\/location\/"},"modified":"2024-01-05T07:11:12","modified_gmt":"2024-01-05T07:11:12","slug":"karavostasi-beach-thesprotia","status":"publish","type":"page","link":"https:\/\/www.corallihotel.gr\/fr\/karavostasi-beach-thesprotia\/","title":{"rendered":"La r\u00e9gion du Grand"},"content":{"rendered":"<p>Depuis notre h\u00f4tel, vous avez de nombreuses possibilit\u00e9s d\u2019excursions \u00e0 faire dans la journ\u00e9e, qui vous fourniront l\u2019occasion de d\u00e9couvrir les attraits de la Thesprotie et plus largement de l\u2019Epire.<\/p>\n<p>Pendant votre s\u00e9jour \u00e0 l&#8217;h\u00f4tel Coralli, vous pourrez \u00e9galement participer \u00e0 diverses activit\u00e9s, telles que la <strong>randonn\u00e9e ou la randonn\u00e9e dans les environs<\/strong>. Vous pouvez vous <strong>promener autour de notre h\u00f4tel<\/strong>, en admirant la magnifique plage de Karavostasi et le paysage idyllique. Vous pouvez m\u00eame <strong>louer un v\u00e9lo et explorer les endroits \u00e0 proximit\u00e9<\/strong>.<\/p>\n<br><br><div class=\"gallery clearfix\"><div class=\"grid-sizer\"><\/div><dl class=\"gallery-item\"><dt class=\"gallery-icon\"><a href=\"https:\/\/www.corallihotel.gr\/wp-content\/uploads\/sites\/229\/2017\/11\/sivota-greece-03-1024x686.jpg\"><img loading=\"lazy\" decoding=\"async\" width=\"320\" height=\"214\" src=\"https:\/\/www.corallihotel.gr\/wp-content\/uploads\/sites\/229\/2017\/11\/sivota-greece-03-320x214.jpg\" class=\"attachment-small-mobile size-small-mobile\" alt=\"\" srcset=\"https:\/\/www.corallihotel.gr\/wp-content\/uploads\/sites\/229\/2017\/11\/sivota-greece-03-320x214.jpg 320w, https:\/\/www.corallihotel.gr\/wp-content\/uploads\/sites\/229\/2017\/11\/sivota-greece-03-300x201.jpg 300w, https:\/\/www.corallihotel.gr\/wp-content\/uploads\/sites\/229\/2017\/11\/sivota-greece-03-1024x686.jpg 1024w, https:\/\/www.corallihotel.gr\/wp-content\/uploads\/sites\/229\/2017\/11\/sivota-greece-03-1280x858.jpg 1280w, https:\/\/www.corallihotel.gr\/wp-content\/uploads\/sites\/229\/2017\/11\/sivota-greece-03-680x456.jpg 680w, https:\/\/www.corallihotel.gr\/wp-content\/uploads\/sites\/229\/2017\/11\/sivota-greece-03.jpg 1733w\" sizes=\"auto, (max-width: 320px) 100vw, 320px\" \/><\/a><\/dt><\/dl><dl class=\"gallery-item\"><dt class=\"gallery-icon\"><a href=\"https:\/\/www.corallihotel.gr\/wp-content\/uploads\/sites\/229\/2017\/11\/sivota-greece-01-1024x686.jpg\"><img loading=\"lazy\" decoding=\"async\" width=\"320\" height=\"214\" src=\"https:\/\/www.corallihotel.gr\/wp-content\/uploads\/sites\/229\/2017\/11\/sivota-greece-01-320x214.jpg\" class=\"attachment-small-mobile size-small-mobile\" alt=\"\" srcset=\"https:\/\/www.corallihotel.gr\/wp-content\/uploads\/sites\/229\/2017\/11\/sivota-greece-01-320x214.jpg 320w, https:\/\/www.corallihotel.gr\/wp-content\/uploads\/sites\/229\/2017\/11\/sivota-greece-01-300x201.jpg 300w, https:\/\/www.corallihotel.gr\/wp-content\/uploads\/sites\/229\/2017\/11\/sivota-greece-01-1024x686.jpg 1024w, https:\/\/www.corallihotel.gr\/wp-content\/uploads\/sites\/229\/2017\/11\/sivota-greece-01-1280x858.jpg 1280w, https:\/\/www.corallihotel.gr\/wp-content\/uploads\/sites\/229\/2017\/11\/sivota-greece-01-680x456.jpg 680w, https:\/\/www.corallihotel.gr\/wp-content\/uploads\/sites\/229\/2017\/11\/sivota-greece-01.jpg 1733w\" sizes=\"auto, (max-width: 320px) 100vw, 320px\" \/><\/a><\/dt><\/dl><dl class=\"gallery-item\"><dt class=\"gallery-icon\"><a href=\"https:\/\/www.corallihotel.gr\/wp-content\/uploads\/sites\/229\/2017\/11\/sivota-greece-04-1024x686.jpg\"><img loading=\"lazy\" decoding=\"async\" width=\"320\" height=\"214\" src=\"https:\/\/www.corallihotel.gr\/wp-content\/uploads\/sites\/229\/2017\/11\/sivota-greece-04-320x214.jpg\" class=\"attachment-small-mobile size-small-mobile\" alt=\"\" srcset=\"https:\/\/www.corallihotel.gr\/wp-content\/uploads\/sites\/229\/2017\/11\/sivota-greece-04-320x214.jpg 320w, https:\/\/www.corallihotel.gr\/wp-content\/uploads\/sites\/229\/2017\/11\/sivota-greece-04-300x201.jpg 300w, https:\/\/www.corallihotel.gr\/wp-content\/uploads\/sites\/229\/2017\/11\/sivota-greece-04-1024x686.jpg 1024w, https:\/\/www.corallihotel.gr\/wp-content\/uploads\/sites\/229\/2017\/11\/sivota-greece-04-1280x858.jpg 1280w, https:\/\/www.corallihotel.gr\/wp-content\/uploads\/sites\/229\/2017\/11\/sivota-greece-04-680x456.jpg 680w, https:\/\/www.corallihotel.gr\/wp-content\/uploads\/sites\/229\/2017\/11\/sivota-greece-04.jpg 1733w\" sizes=\"auto, (max-width: 320px) 100vw, 320px\" \/><\/a><\/dt><\/dl><dl class=\"gallery-item\"><dt class=\"gallery-icon\"><a href=\"https:\/\/www.corallihotel.gr\/wp-content\/uploads\/sites\/229\/2017\/11\/kalamas-1024x686.jpg\"><img loading=\"lazy\" decoding=\"async\" width=\"320\" height=\"214\" src=\"https:\/\/www.corallihotel.gr\/wp-content\/uploads\/sites\/229\/2017\/11\/kalamas-320x214.jpg\" class=\"attachment-small-mobile size-small-mobile\" alt=\"\" srcset=\"https:\/\/www.corallihotel.gr\/wp-content\/uploads\/sites\/229\/2017\/11\/kalamas-320x214.jpg 320w, https:\/\/www.corallihotel.gr\/wp-content\/uploads\/sites\/229\/2017\/11\/kalamas-300x201.jpg 300w, https:\/\/www.corallihotel.gr\/wp-content\/uploads\/sites\/229\/2017\/11\/kalamas-1024x686.jpg 1024w, https:\/\/www.corallihotel.gr\/wp-content\/uploads\/sites\/229\/2017\/11\/kalamas-1280x858.jpg 1280w, https:\/\/www.corallihotel.gr\/wp-content\/uploads\/sites\/229\/2017\/11\/kalamas-680x456.jpg 680w, https:\/\/www.corallihotel.gr\/wp-content\/uploads\/sites\/229\/2017\/11\/kalamas-1920x1286.jpg 1920w\" sizes=\"auto, (max-width: 320px) 100vw, 320px\" \/><\/a><\/dt><\/dl><dl class=\"gallery-item\"><dt class=\"gallery-icon\"><a href=\"https:\/\/www.corallihotel.gr\/wp-content\/uploads\/sites\/229\/2017\/11\/sivota-greece-02-686x1024.jpg\"><img loading=\"lazy\" decoding=\"async\" width=\"320\" height=\"478\" src=\"https:\/\/www.corallihotel.gr\/wp-content\/uploads\/sites\/229\/2017\/11\/sivota-greece-02-320x478.jpg\" class=\"attachment-small-mobile size-small-mobile\" alt=\"\" srcset=\"https:\/\/www.corallihotel.gr\/wp-content\/uploads\/sites\/229\/2017\/11\/sivota-greece-02-320x478.jpg 320w, https:\/\/www.corallihotel.gr\/wp-content\/uploads\/sites\/229\/2017\/11\/sivota-greece-02-201x300.jpg 201w, https:\/\/www.corallihotel.gr\/wp-content\/uploads\/sites\/229\/2017\/11\/sivota-greece-02-686x1024.jpg 686w, https:\/\/www.corallihotel.gr\/wp-content\/uploads\/sites\/229\/2017\/11\/sivota-greece-02-680x1015.jpg 680w, https:\/\/www.corallihotel.gr\/wp-content\/uploads\/sites\/229\/2017\/11\/sivota-greece-02.jpg 1161w\" sizes=\"auto, (max-width: 320px) 100vw, 320px\" \/><\/a><\/dt><\/dl><\/div>\n<p>Ci-dessous, nous pr\u00e9sentons quelques endroits \u00e0 visiter. Le personnel de l&#8217;h\u00f4tel peut vous fournir toutes les informations n\u00e9cessaires et vous guider avec de pr\u00e9cieux conseils pour vos excursions. N&#8217;h\u00e9sitez pas \u00e0 nous demander tout ce que vous voulez. Nous serons heureux de vous conseiller sur les sites \u00e0 visiter, o\u00f9 aller, etc.<\/p>\n<h3>Plage de Karavostasi<\/h3>\n<p>En dehors de la balade \u00e0 pied, vous aurez l\u2019occasion d\u2019explorer les alentours de la plage de notre h\u00f4tel en parcourant aussi bien des routes goudronn\u00e9es que des chemins de terre.<\/p>\n<br><br><div class=\"gallery clearfix\"><div class=\"grid-sizer\"><\/div><dl class=\"gallery-item\"><dt class=\"gallery-icon\"><a href=\"https:\/\/www.corallihotel.gr\/wp-content\/uploads\/sites\/229\/2017\/11\/coralli-hotel-karavostasi-beach-1024x683.jpg\"><img loading=\"lazy\" decoding=\"async\" width=\"320\" height=\"213\" src=\"https:\/\/www.corallihotel.gr\/wp-content\/uploads\/sites\/229\/2017\/11\/coralli-hotel-karavostasi-beach-320x213.jpg\" class=\"attachment-small-mobile size-small-mobile\" alt=\"\" srcset=\"https:\/\/www.corallihotel.gr\/wp-content\/uploads\/sites\/229\/2017\/11\/coralli-hotel-karavostasi-beach-320x213.jpg 320w, https:\/\/www.corallihotel.gr\/wp-content\/uploads\/sites\/229\/2017\/11\/coralli-hotel-karavostasi-beach-300x200.jpg 300w, https:\/\/www.corallihotel.gr\/wp-content\/uploads\/sites\/229\/2017\/11\/coralli-hotel-karavostasi-beach-1024x683.jpg 1024w, https:\/\/www.corallihotel.gr\/wp-content\/uploads\/sites\/229\/2017\/11\/coralli-hotel-karavostasi-beach-1280x853.jpg 1280w, https:\/\/www.corallihotel.gr\/wp-content\/uploads\/sites\/229\/2017\/11\/coralli-hotel-karavostasi-beach-680x453.jpg 680w, https:\/\/www.corallihotel.gr\/wp-content\/uploads\/sites\/229\/2017\/11\/coralli-hotel-karavostasi-beach-1920x1280.jpg 1920w\" sizes=\"auto, (max-width: 320px) 100vw, 320px\" \/><\/a><\/dt><\/dl><dl class=\"gallery-item\"><dt class=\"gallery-icon\"><a href=\"https:\/\/www.corallihotel.gr\/wp-content\/uploads\/sites\/229\/2017\/11\/karavostasi-beach-01-1024x683.jpg\"><img loading=\"lazy\" decoding=\"async\" width=\"320\" height=\"213\" src=\"https:\/\/www.corallihotel.gr\/wp-content\/uploads\/sites\/229\/2017\/11\/karavostasi-beach-01-320x213.jpg\" class=\"attachment-small-mobile size-small-mobile\" alt=\"\" srcset=\"https:\/\/www.corallihotel.gr\/wp-content\/uploads\/sites\/229\/2017\/11\/karavostasi-beach-01-320x213.jpg 320w, https:\/\/www.corallihotel.gr\/wp-content\/uploads\/sites\/229\/2017\/11\/karavostasi-beach-01-300x200.jpg 300w, https:\/\/www.corallihotel.gr\/wp-content\/uploads\/sites\/229\/2017\/11\/karavostasi-beach-01-1024x683.jpg 1024w, https:\/\/www.corallihotel.gr\/wp-content\/uploads\/sites\/229\/2017\/11\/karavostasi-beach-01-1280x853.jpg 1280w, https:\/\/www.corallihotel.gr\/wp-content\/uploads\/sites\/229\/2017\/11\/karavostasi-beach-01-680x453.jpg 680w, https:\/\/www.corallihotel.gr\/wp-content\/uploads\/sites\/229\/2017\/11\/karavostasi-beach-01-1920x1280.jpg 1920w\" sizes=\"auto, (max-width: 320px) 100vw, 320px\" \/><\/a><\/dt><\/dl><dl class=\"gallery-item\"><dt class=\"gallery-icon\"><a href=\"https:\/\/www.corallihotel.gr\/wp-content\/uploads\/sites\/229\/2017\/11\/karavostasi-thesprotia-beach.jpg\"><img loading=\"lazy\" decoding=\"async\" width=\"320\" height=\"214\" src=\"https:\/\/www.corallihotel.gr\/wp-content\/uploads\/sites\/229\/2017\/11\/karavostasi-thesprotia-beach-320x214.jpg\" class=\"attachment-small-mobile size-small-mobile\" alt=\"\" srcset=\"https:\/\/www.corallihotel.gr\/wp-content\/uploads\/sites\/229\/2017\/11\/karavostasi-thesprotia-beach-320x214.jpg 320w, https:\/\/www.corallihotel.gr\/wp-content\/uploads\/sites\/229\/2017\/11\/karavostasi-thesprotia-beach-300x201.jpg 300w, https:\/\/www.corallihotel.gr\/wp-content\/uploads\/sites\/229\/2017\/11\/karavostasi-thesprotia-beach-680x456.jpg 680w, https:\/\/www.corallihotel.gr\/wp-content\/uploads\/sites\/229\/2017\/11\/karavostasi-thesprotia-beach.jpg 1000w\" sizes=\"auto, (max-width: 320px) 100vw, 320px\" \/><\/a><\/dt><\/dl><\/div>\n<h3>Attractions \u00e0 proximit\u00e9<\/h3>\n<p>A Plage de Karavostasi Thesprotias, cela vaut la peine de visiter:<\/p>\n<p>\u00bb Le mus\u00e9e folklorique, sur la place centrale du village de Perdika, en face de la mairie et du centre culturel.<br \/>\n\u00bb La merveilleuse \u00e9glise d\u2019Agios Athanassios<br \/>\n\u00bb Les autres plages<br \/>\n\u00bb Th\u00e9\u00e2tre antique de Dodoni (80km)<br \/>\n\u00bb\u00a0Meteora (3 &#8211; 3.5 h)<br \/>\n\u00bb\u00a0Zagorochoria (120 &#8211; 150km)<br \/>\n\u00bb Vikos Gorge (120 &#8211; 150km)<\/p>\n<h3>Parga (17 km)<\/h3>\n<br><br><div class=\"gallery clearfix\"><div class=\"grid-sizer\"><\/div><dl class=\"gallery-item\"><dt class=\"gallery-icon\"><a href=\"https:\/\/www.corallihotel.gr\/wp-content\/uploads\/sites\/229\/2017\/11\/parga-greece-1024x686.jpg\"><img loading=\"lazy\" decoding=\"async\" width=\"320\" height=\"214\" src=\"https:\/\/www.corallihotel.gr\/wp-content\/uploads\/sites\/229\/2017\/11\/parga-greece-320x214.jpg\" class=\"attachment-small-mobile size-small-mobile\" alt=\"\" srcset=\"https:\/\/www.corallihotel.gr\/wp-content\/uploads\/sites\/229\/2017\/11\/parga-greece-320x214.jpg 320w, https:\/\/www.corallihotel.gr\/wp-content\/uploads\/sites\/229\/2017\/11\/parga-greece-300x201.jpg 300w, https:\/\/www.corallihotel.gr\/wp-content\/uploads\/sites\/229\/2017\/11\/parga-greece-1024x686.jpg 1024w, https:\/\/www.corallihotel.gr\/wp-content\/uploads\/sites\/229\/2017\/11\/parga-greece-1280x858.jpg 1280w, https:\/\/www.corallihotel.gr\/wp-content\/uploads\/sites\/229\/2017\/11\/parga-greece-680x456.jpg 680w, https:\/\/www.corallihotel.gr\/wp-content\/uploads\/sites\/229\/2017\/11\/parga-greece-1920x1286.jpg 1920w, https:\/\/www.corallihotel.gr\/wp-content\/uploads\/sites\/229\/2017\/11\/parga-greece.jpg 2000w\" sizes=\"auto, (max-width: 320px) 100vw, 320px\" \/><\/a><\/dt><\/dl><dl class=\"gallery-item\"><dt class=\"gallery-icon\"><a href=\"https:\/\/www.corallihotel.gr\/wp-content\/uploads\/sites\/229\/2017\/11\/parga-greece-02-1024x683.jpg\"><img loading=\"lazy\" decoding=\"async\" width=\"320\" height=\"213\" src=\"https:\/\/www.corallihotel.gr\/wp-content\/uploads\/sites\/229\/2017\/11\/parga-greece-02-320x213.jpg\" class=\"attachment-small-mobile size-small-mobile\" alt=\"\" srcset=\"https:\/\/www.corallihotel.gr\/wp-content\/uploads\/sites\/229\/2017\/11\/parga-greece-02-320x213.jpg 320w, https:\/\/www.corallihotel.gr\/wp-content\/uploads\/sites\/229\/2017\/11\/parga-greece-02-300x200.jpg 300w, https:\/\/www.corallihotel.gr\/wp-content\/uploads\/sites\/229\/2017\/11\/parga-greece-02-1024x683.jpg 1024w, https:\/\/www.corallihotel.gr\/wp-content\/uploads\/sites\/229\/2017\/11\/parga-greece-02-1280x853.jpg 1280w, https:\/\/www.corallihotel.gr\/wp-content\/uploads\/sites\/229\/2017\/11\/parga-greece-02-680x453.jpg 680w, https:\/\/www.corallihotel.gr\/wp-content\/uploads\/sites\/229\/2017\/11\/parga-greece-02-1920x1280.jpg 1920w\" sizes=\"auto, (max-width: 320px) 100vw, 320px\" \/><\/a><\/dt><\/dl><dl class=\"gallery-item\"><dt class=\"gallery-icon\"><a href=\"https:\/\/www.corallihotel.gr\/wp-content\/uploads\/sites\/229\/2017\/11\/parga-greece-05-1024x683.jpg\"><img loading=\"lazy\" decoding=\"async\" width=\"320\" height=\"213\" src=\"https:\/\/www.corallihotel.gr\/wp-content\/uploads\/sites\/229\/2017\/11\/parga-greece-05-320x213.jpg\" class=\"attachment-small-mobile size-small-mobile\" alt=\"\" srcset=\"https:\/\/www.corallihotel.gr\/wp-content\/uploads\/sites\/229\/2017\/11\/parga-greece-05-320x213.jpg 320w, https:\/\/www.corallihotel.gr\/wp-content\/uploads\/sites\/229\/2017\/11\/parga-greece-05-300x200.jpg 300w, https:\/\/www.corallihotel.gr\/wp-content\/uploads\/sites\/229\/2017\/11\/parga-greece-05-1024x683.jpg 1024w, https:\/\/www.corallihotel.gr\/wp-content\/uploads\/sites\/229\/2017\/11\/parga-greece-05-1280x853.jpg 1280w, https:\/\/www.corallihotel.gr\/wp-content\/uploads\/sites\/229\/2017\/11\/parga-greece-05-680x453.jpg 680w, https:\/\/www.corallihotel.gr\/wp-content\/uploads\/sites\/229\/2017\/11\/parga-greece-05-1920x1280.jpg 1920w\" sizes=\"auto, (max-width: 320px) 100vw, 320px\" \/><\/a><\/dt><\/dl><\/div>\n<h3>Sivota (16 km)<\/h3>\n<p>La ravissante Sivota et ses plages sont une destination toute proche.<\/p>\n<p><img loading=\"lazy\" decoding=\"async\" class=\"aligncenter size-medium wp-image-80\" src=\"http:\/\/www.corallihotel.gr\/wp-content\/uploads\/sites\/229\/2017\/11\/sivota-beaches-300x201.jpg\" alt=\"sivota-beaches\" width=\"300\" height=\"201\" srcset=\"https:\/\/www.corallihotel.gr\/wp-content\/uploads\/sites\/229\/2017\/11\/sivota-beaches-300x201.jpg 300w, https:\/\/www.corallihotel.gr\/wp-content\/uploads\/sites\/229\/2017\/11\/sivota-beaches-1024x685.jpg 1024w, https:\/\/www.corallihotel.gr\/wp-content\/uploads\/sites\/229\/2017\/11\/sivota-beaches-1280x856.jpg 1280w, https:\/\/www.corallihotel.gr\/wp-content\/uploads\/sites\/229\/2017\/11\/sivota-beaches-320x214.jpg 320w, https:\/\/www.corallihotel.gr\/wp-content\/uploads\/sites\/229\/2017\/11\/sivota-beaches-680x455.jpg 680w, https:\/\/www.corallihotel.gr\/wp-content\/uploads\/sites\/229\/2017\/11\/sivota-beaches-1920x1283.jpg 1920w, https:\/\/www.corallihotel.gr\/wp-content\/uploads\/sites\/229\/2017\/11\/sivota-beaches.jpg 2048w\" sizes=\"auto, (max-width: 300px) 100vw, 300px\" \/><\/p>\n<h3>Souli &#8211;\u00a0L&#8217;Ach\u00e9ron (43\u00a0km par Gliki)<\/h3>\n<p>A petite distance, vous trouverez le fleuve Ach\u00e9ron, le fleuve des l\u00e9gendes mythologiques. L\u00e0 vous pouvez faire de la randonn\u00e9e p\u00e9destre en montant par le chemin de Tzabelainas pour arriver \u00e0 l\u2019h\u00e9ro\u00efque Souli. C\u2019est un trajet qui restera inoubliable. Vous avez \u00e9galement la possibilit\u00e9 de parcourir les gorges de l\u2019Ach\u00e9ron dans le fleuve, avec un niveau de difficult\u00e9 plus \u00e9lev\u00e9. Vous pouvez aussi faire du rafting\u00a0ou des activit\u00e9s de randonn\u00e9e dans la r\u00e9gion. Vous pouvez m\u00eame faire du v\u00e9lo et profiter du magnifique paysage<\/p>\n<h2><\/h2>\n<p><br><br><div class=\"gallery clearfix\"><div class=\"grid-sizer\"><\/div><dl class=\"gallery-item\"><dt class=\"gallery-icon\"><a href=\"https:\/\/www.corallihotel.gr\/wp-content\/uploads\/sites\/229\/2017\/11\/sivota-greece-05.jpg\"><img loading=\"lazy\" decoding=\"async\" width=\"320\" height=\"214\" src=\"https:\/\/www.corallihotel.gr\/wp-content\/uploads\/sites\/229\/2017\/11\/sivota-greece-05-320x214.jpg\" class=\"attachment-small-mobile size-small-mobile\" alt=\"\" srcset=\"https:\/\/www.corallihotel.gr\/wp-content\/uploads\/sites\/229\/2017\/11\/sivota-greece-05-320x214.jpg 320w, https:\/\/www.corallihotel.gr\/wp-content\/uploads\/sites\/229\/2017\/11\/sivota-greece-05-300x201.jpg 300w, https:\/\/www.corallihotel.gr\/wp-content\/uploads\/sites\/229\/2017\/11\/sivota-greece-05-680x456.jpg 680w, https:\/\/www.corallihotel.gr\/wp-content\/uploads\/sites\/229\/2017\/11\/sivota-greece-05.jpg 967w\" sizes=\"auto, (max-width: 320px) 100vw, 320px\" \/><\/a><\/dt><\/dl><dl class=\"gallery-item\"><dt class=\"gallery-icon\"><a href=\"https:\/\/www.corallihotel.gr\/wp-content\/uploads\/sites\/229\/2017\/11\/acheron-river-03-683x1024.jpg\"><img loading=\"lazy\" decoding=\"async\" width=\"320\" height=\"480\" src=\"https:\/\/www.corallihotel.gr\/wp-content\/uploads\/sites\/229\/2017\/11\/acheron-river-03-320x480.jpg\" class=\"attachment-small-mobile size-small-mobile\" alt=\"\" srcset=\"https:\/\/www.corallihotel.gr\/wp-content\/uploads\/sites\/229\/2017\/11\/acheron-river-03-320x480.jpg 320w, https:\/\/www.corallihotel.gr\/wp-content\/uploads\/sites\/229\/2017\/11\/acheron-river-03-200x300.jpg 200w, https:\/\/www.corallihotel.gr\/wp-content\/uploads\/sites\/229\/2017\/11\/acheron-river-03-683x1024.jpg 683w, https:\/\/www.corallihotel.gr\/wp-content\/uploads\/sites\/229\/2017\/11\/acheron-river-03-1280x1920.jpg 1280w, https:\/\/www.corallihotel.gr\/wp-content\/uploads\/sites\/229\/2017\/11\/acheron-river-03-680x1020.jpg 680w, https:\/\/www.corallihotel.gr\/wp-content\/uploads\/sites\/229\/2017\/11\/acheron-river-03-1920x2880.jpg 1920w\" sizes=\"auto, (max-width: 320px) 100vw, 320px\" \/><\/a><\/dt><\/dl><dl class=\"gallery-item\"><dt class=\"gallery-icon\"><a href=\"https:\/\/www.corallihotel.gr\/wp-content\/uploads\/sites\/229\/2017\/11\/sivota-greece-06.jpg\"><img loading=\"lazy\" decoding=\"async\" width=\"320\" height=\"478\" src=\"https:\/\/www.corallihotel.gr\/wp-content\/uploads\/sites\/229\/2017\/11\/sivota-greece-06-320x478.jpg\" class=\"attachment-small-mobile size-small-mobile\" alt=\"\" srcset=\"https:\/\/www.corallihotel.gr\/wp-content\/uploads\/sites\/229\/2017\/11\/sivota-greece-06-320x478.jpg 320w, https:\/\/www.corallihotel.gr\/wp-content\/uploads\/sites\/229\/2017\/11\/sivota-greece-06-201x300.jpg 201w, https:\/\/www.corallihotel.gr\/wp-content\/uploads\/sites\/229\/2017\/11\/sivota-greece-06.jpg 670w\" sizes=\"auto, (max-width: 320px) 100vw, 320px\" \/><\/a><\/dt><\/dl><dl class=\"gallery-item\"><dt class=\"gallery-icon\"><a href=\"https:\/\/www.corallihotel.gr\/wp-content\/uploads\/sites\/229\/2017\/11\/acheron-river-02-1024x686.jpg\"><img loading=\"lazy\" decoding=\"async\" width=\"320\" height=\"214\" src=\"https:\/\/www.corallihotel.gr\/wp-content\/uploads\/sites\/229\/2017\/11\/acheron-river-02-320x214.jpg\" class=\"attachment-small-mobile size-small-mobile\" alt=\"\" srcset=\"https:\/\/www.corallihotel.gr\/wp-content\/uploads\/sites\/229\/2017\/11\/acheron-river-02-320x214.jpg 320w, https:\/\/www.corallihotel.gr\/wp-content\/uploads\/sites\/229\/2017\/11\/acheron-river-02-300x201.jpg 300w, https:\/\/www.corallihotel.gr\/wp-content\/uploads\/sites\/229\/2017\/11\/acheron-river-02-1024x686.jpg 1024w, https:\/\/www.corallihotel.gr\/wp-content\/uploads\/sites\/229\/2017\/11\/acheron-river-02-1280x858.jpg 1280w, https:\/\/www.corallihotel.gr\/wp-content\/uploads\/sites\/229\/2017\/11\/acheron-river-02-680x456.jpg 680w, https:\/\/www.corallihotel.gr\/wp-content\/uploads\/sites\/229\/2017\/11\/acheron-river-02.jpg 1910w\" sizes=\"auto, (max-width: 320px) 100vw, 320px\" \/><\/a><\/dt><\/dl><dl class=\"gallery-item\"><dt class=\"gallery-icon\"><a href=\"https:\/\/www.corallihotel.gr\/wp-content\/uploads\/sites\/229\/2017\/11\/acheron-river-05-1024x683.jpg\"><img loading=\"lazy\" decoding=\"async\" width=\"320\" height=\"213\" src=\"https:\/\/www.corallihotel.gr\/wp-content\/uploads\/sites\/229\/2017\/11\/acheron-river-05-320x213.jpg\" class=\"attachment-small-mobile size-small-mobile\" alt=\"\" srcset=\"https:\/\/www.corallihotel.gr\/wp-content\/uploads\/sites\/229\/2017\/11\/acheron-river-05-320x213.jpg 320w, https:\/\/www.corallihotel.gr\/wp-content\/uploads\/sites\/229\/2017\/11\/acheron-river-05-300x200.jpg 300w, https:\/\/www.corallihotel.gr\/wp-content\/uploads\/sites\/229\/2017\/11\/acheron-river-05-1024x683.jpg 1024w, https:\/\/www.corallihotel.gr\/wp-content\/uploads\/sites\/229\/2017\/11\/acheron-river-05-1280x853.jpg 1280w, https:\/\/www.corallihotel.gr\/wp-content\/uploads\/sites\/229\/2017\/11\/acheron-river-05-680x453.jpg 680w, https:\/\/www.corallihotel.gr\/wp-content\/uploads\/sites\/229\/2017\/11\/acheron-river-05-1920x1280.jpg 1920w\" sizes=\"auto, (max-width: 320px) 100vw, 320px\" \/><\/a><\/dt><\/dl><dl class=\"gallery-item\"><dt class=\"gallery-icon\"><a href=\"https:\/\/www.corallihotel.gr\/wp-content\/uploads\/sites\/229\/2017\/11\/acheron-river-04-1024x683.jpg\"><img loading=\"lazy\" decoding=\"async\" width=\"320\" height=\"213\" src=\"https:\/\/www.corallihotel.gr\/wp-content\/uploads\/sites\/229\/2017\/11\/acheron-river-04-320x213.jpg\" class=\"attachment-small-mobile size-small-mobile\" alt=\"\" srcset=\"https:\/\/www.corallihotel.gr\/wp-content\/uploads\/sites\/229\/2017\/11\/acheron-river-04-320x213.jpg 320w, https:\/\/www.corallihotel.gr\/wp-content\/uploads\/sites\/229\/2017\/11\/acheron-river-04-300x200.jpg 300w, https:\/\/www.corallihotel.gr\/wp-content\/uploads\/sites\/229\/2017\/11\/acheron-river-04-1024x683.jpg 1024w, https:\/\/www.corallihotel.gr\/wp-content\/uploads\/sites\/229\/2017\/11\/acheron-river-04-1280x853.jpg 1280w, https:\/\/www.corallihotel.gr\/wp-content\/uploads\/sites\/229\/2017\/11\/acheron-river-04-680x453.jpg 680w, https:\/\/www.corallihotel.gr\/wp-content\/uploads\/sites\/229\/2017\/11\/acheron-river-04-1920x1280.jpg 1920w\" sizes=\"auto, (max-width: 320px) 100vw, 320px\" \/><\/a><\/dt><\/dl><dl class=\"gallery-item\"><dt class=\"gallery-icon\"><a href=\"https:\/\/www.corallihotel.gr\/wp-content\/uploads\/sites\/229\/2017\/11\/vrellis-museum-1024x686.jpg\"><img loading=\"lazy\" decoding=\"async\" width=\"320\" height=\"214\" src=\"https:\/\/www.corallihotel.gr\/wp-content\/uploads\/sites\/229\/2017\/11\/vrellis-museum-320x214.jpg\" class=\"attachment-small-mobile size-small-mobile\" alt=\"\" srcset=\"https:\/\/www.corallihotel.gr\/wp-content\/uploads\/sites\/229\/2017\/11\/vrellis-museum-320x214.jpg 320w, https:\/\/www.corallihotel.gr\/wp-content\/uploads\/sites\/229\/2017\/11\/vrellis-museum-300x201.jpg 300w, https:\/\/www.corallihotel.gr\/wp-content\/uploads\/sites\/229\/2017\/11\/vrellis-museum-1024x686.jpg 1024w, https:\/\/www.corallihotel.gr\/wp-content\/uploads\/sites\/229\/2017\/11\/vrellis-museum-1280x858.jpg 1280w, https:\/\/www.corallihotel.gr\/wp-content\/uploads\/sites\/229\/2017\/11\/vrellis-museum-680x456.jpg 680w, https:\/\/www.corallihotel.gr\/wp-content\/uploads\/sites\/229\/2017\/11\/vrellis-museum.jpg 1612w\" sizes=\"auto, (max-width: 320px) 100vw, 320px\" \/><\/a><\/dt><\/dl><\/div><\/p>","protected":false},"excerpt":{"rendered":"<p>Depuis notre h\u00f4tel, vous avez de nombreuses possibilit\u00e9s d\u2019excursions \u00e0 faire dans la journ\u00e9e, qui vous fourniront l\u2019occasion de d\u00e9couvrir les attraits de la Thesprotie et plus largement de l\u2019Epire. Pendant votre s\u00e9jour \u00e0 l&#8217;h\u00f4tel Coralli, vous pourrez \u00e9galement participer \u00e0 diverses activit\u00e9s, telles que la randonn\u00e9e ou la randonn\u00e9e dans les environs.<\/p>\n","protected":false},"author":1,"featured_media":116,"parent":0,"menu_order":0,"comment_status":"closed","ping_status":"closed","template":"page_location.php","meta":{"footnotes":""},"class_list":["post-8","page","type-page","status-publish","has-post-thumbnail","hentry"],"_links":{"self":[{"href":"https:\/\/www.corallihotel.gr\/fr\/wp-json\/wp\/v2\/pages\/8","targetHints":{"allow":["GET"]}}],"collection":[{"href":"https:\/\/www.corallihotel.gr\/fr\/wp-json\/wp\/v2\/pages"}],"about":[{"href":"https:\/\/www.corallihotel.gr\/fr\/wp-json\/wp\/v2\/types\/page"}],"author":[{"embeddable":true,"href":"https:\/\/www.corallihotel.gr\/fr\/wp-json\/wp\/v2\/users\/1"}],"replies":[{"embeddable":true,"href":"https:\/\/www.corallihotel.gr\/fr\/wp-json\/wp\/v2\/comments?post=8"}],"version-history":[{"count":21,"href":"https:\/\/www.corallihotel.gr\/fr\/wp-json\/wp\/v2\/pages\/8\/revisions"}],"predecessor-version":[{"id":296,"href":"https:\/\/www.corallihotel.gr\/fr\/wp-json\/wp\/v2\/pages\/8\/revisions\/296"}],"wp:featuredmedia":[{"embeddable":true,"href":"https:\/\/www.corallihotel.gr\/fr\/wp-json\/wp\/v2\/media\/116"}],"wp:attachment":[{"href":"https:\/\/www.corallihotel.gr\/fr\/wp-json\/wp\/v2\/media?parent=8"}],"curies":[{"name":"wp","href":"https:\/\/api.w.org\/{rel}","templated":true}]}}