{"id":6,"date":"2017-11-14T15:13:20","date_gmt":"2017-11-14T15:13:20","guid":{"rendered":"http:\/\/corallihotel.codibee.solutions\/facilities\/"},"modified":"2024-01-05T07:10:23","modified_gmt":"2024-01-05T07:10:23","slug":"facilities","status":"publish","type":"page","link":"https:\/\/www.corallihotel.gr\/fr\/facilities\/","title":{"rendered":"Structures"},"content":{"rendered":"<p>Le Coralli est un h\u00f4tel de cat\u00e9gorie A\u2019, 4 \u00e9toiles, avec des structures et des services de grande qualit\u00e9, qui comprennent:<\/p>\n<div class=\"cdb-container hotel_facilities\">\n<ul class=\"cdb-row\">\n<li class=\"cdb-quarter cdb-gutter\">Restaurant avec un chef de renom<\/li>\n<li class=\"cdb-quarter cdb-gutter\">Bars int\u00e9rieur et ext\u00e9rieur<\/li>\n<li class=\"cdb-quarter cdb-gutter\">Salon<\/li>\n<li class=\"cdb-quarter cdb-gutter\">Petite et grande piscines (1\/6 \u2013 30\/9)<\/li>\n<\/ul>\n<ul class=\"cdb-row\">\n<li class=\"cdb-quarter cdb-gutter\">Parking<\/li>\n<li class=\"cdb-quarter cdb-gutter\">R\u00e9ceptions (marages, bapt\u00eames, \u2026)<\/li>\n<li class=\"cdb-quarter cdb-gutter\">Connection internet<\/li>\n<li class=\"cdb-quarter cdb-gutter\">S\u00e9jour<\/li>\n<\/ul>\n<ul class=\"cdb-row\">\n<li class=\"cdb-quarter cdb-gutter\">Wi-Fi gratuit<\/li>\n<li class=\"cdb-quarter cdb-gutter\">Acc\u00e8s en fauteuil roulant<\/li>\n<li class=\"cdb-quarter cdb-gutter\">Chauffage<\/li>\n<li class=\"cdb-quarter cdb-gutter\">Chambres insonoris\u00e9es<\/li>\n<\/ul>\n<ul class=\"cdb-row\">\n<li class=\"cdb-quarter cdb-gutter\">\u00c0 proximit\u00e9 de la plage<\/li>\n<li class=\"cdb-quarter cdb-gutter\">Serviettes de piscine<\/li>\n<li class=\"cdb-quarter cdb-gutter\">M\u00e9nage quotidien<\/li>\n<li class=\"cdb-quarter cdb-gutter\">Buanderie (en suppl\u00e9ment)<\/li>\n<\/ul>\n<ul class=\"cdb-row\">\n<li class=\"cdb-quarter cdb-gutter\">Transfert de l&#8217;a\u00e9roport de Aktio \/ Preveza (co\u00fbt suppl\u00e9mentaire)<\/li>\n<li class=\"cdb-quarter cdb-gutter\">Transfert de l&#8217;a\u00e9roport d&#8217;Ioannina (co\u00fbt suppl\u00e9mentaire)<\/li>\n<li class=\"cdb-quarter cdb-gutter\">Transfert du port d&#8217;Igoumenitsa (co\u00fbt suppl\u00e9mentaire)<\/li>\n<\/ul>\n<\/div>\n<div class=\"cdb-container\"><\/div>\n<p>&nbsp;<\/p>\n<p>L\u2019h\u00f4tel dispose de chambres-studios d\u2019une superficie de 40m2, de 2 suites-appartements de 52m2 et un studio adapt\u00e9 aux personnes \u00e0 mobilit\u00e9 r\u00e9duite qui offrent toutes ces commodit\u00e9s:<\/p>\n<div class=\"cdb-container hotel_facilities\">\n<ul class=\"cdb-row\">\n<li class=\"cdb-quarter cdb-gutter\">Cuisine \u00e9quip\u00e9e<\/li>\n<li class=\"cdb-quarter cdb-gutter\">Salle de bain<\/li>\n<li class=\"cdb-quarter cdb-gutter\">Balcon priv\u00e9<\/li>\n<li class=\"cdb-quarter cdb-gutter\">Climatisation<\/li>\n<\/ul>\n<ul class=\"cdb-row\">\n<li class=\"cdb-quarter cdb-gutter\">T\u00e9l\u00e9vision Plasma<\/li>\n<li class=\"cdb-quarter cdb-gutter\">Coffre-fort<\/li>\n<li class=\"cdb-quarter cdb-gutter\">R\u00e9frig\u00e9rateur<\/li>\n<li class=\"cdb-quarter cdb-gutter\">Montagne\/Vue sur la mer<\/li>\n<\/ul>\n<ul class=\"cdb-row\">\n<li class=\"cdb-quarter cdb-gutter\">Moustiquaires<\/li>\n<li class=\"cdb-quarter cdb-gutter\">Douche<\/li>\n<li class=\"cdb-quarter cdb-gutter\">WC<\/li>\n<\/ul>\n<\/div>\n<div class=\"cdb-container\"><\/div>\n<p>&nbsp;<\/p>\n<p><strong>Vous pouvez visiter l\u2019h\u00f4tel en cliquant <a href=\"http:\/\/corallihotel.codibee.solutions\/fr\/photos\/\" target=\"_blank\" rel=\"noopener\">sur Photographies<\/a>.<\/strong><\/p>","protected":false},"excerpt":{"rendered":"<p>Le Coralli est un h\u00f4tel de cat\u00e9gorie A\u2019, 4 \u00e9toiles, avec des structures et des services de grande qualit\u00e9, qui comprennent: Restaurant avec un chef de renom Bars int\u00e9rieur et ext\u00e9rieur Salon Petite et grande piscines (1\/6 \u2013 30\/9) Parking R\u00e9ceptions (marages, bapt\u00eames, \u2026) Connection internet S\u00e9jour Wi-Fi gratuit Acc\u00e8s en fauteuil roulant Chauffage Chambres [&hellip;]<\/p>\n","protected":false},"author":1,"featured_media":24,"parent":0,"menu_order":0,"comment_status":"closed","ping_status":"closed","template":"page_facilities.php","meta":{"footnotes":""},"class_list":["post-6","page","type-page","status-publish","has-post-thumbnail","hentry"],"_links":{"self":[{"href":"https:\/\/www.corallihotel.gr\/fr\/wp-json\/wp\/v2\/pages\/6","targetHints":{"allow":["GET"]}}],"collection":[{"href":"https:\/\/www.corallihotel.gr\/fr\/wp-json\/wp\/v2\/pages"}],"about":[{"href":"https:\/\/www.corallihotel.gr\/fr\/wp-json\/wp\/v2\/types\/page"}],"author":[{"embeddable":true,"href":"https:\/\/www.corallihotel.gr\/fr\/wp-json\/wp\/v2\/users\/1"}],"replies":[{"embeddable":true,"href":"https:\/\/www.corallihotel.gr\/fr\/wp-json\/wp\/v2\/comments?post=6"}],"version-history":[{"count":13,"href":"https:\/\/www.corallihotel.gr\/fr\/wp-json\/wp\/v2\/pages\/6\/revisions"}],"predecessor-version":[{"id":295,"href":"https:\/\/www.corallihotel.gr\/fr\/wp-json\/wp\/v2\/pages\/6\/revisions\/295"}],"wp:featuredmedia":[{"embeddable":true,"href":"https:\/\/www.corallihotel.gr\/fr\/wp-json\/wp\/v2\/media\/24"}],"wp:attachment":[{"href":"https:\/\/www.corallihotel.gr\/fr\/wp-json\/wp\/v2\/media?parent=6"}],"curies":[{"name":"wp","href":"https:\/\/api.w.org\/{rel}","templated":true}]}}