{"id":5,"date":"2017-11-14T15:13:20","date_gmt":"2017-11-14T15:13:20","guid":{"rendered":"http:\/\/corallihotel.codibee.solutions\/accommodation\/"},"modified":"2025-05-11T16:07:31","modified_gmt":"2025-05-11T16:07:31","slug":"rooms-suites","status":"publish","type":"page","link":"https:\/\/www.corallihotel.gr\/fr\/rooms-suites\/","title":{"rendered":"H\u00e9bergement"},"content":{"rendered":"<p>Le Coralli Hotel comprend de studios et suites magnifiques sur la plage de Karavostasi, Thesprotia. Les chambres sont enti\u00e8rement \u00e9quip\u00e9es et comprennent divers \u00e9quipements. Notre h\u00f4tel dispose \u00e9galement une chambre pour personnes \u00e0 mobilit\u00e9 r\u00e9duite.<\/p>","protected":false},"excerpt":{"rendered":"<p>Le Coralli Hotel comprend de studios et suites magnifiques sur la plage de Karavostasi, Thesprotia. Les chambres sont enti\u00e8rement \u00e9quip\u00e9es et comprennent divers \u00e9quipements. Notre h\u00f4tel dispose \u00e9galement une chambre pour personnes \u00e0 mobilit\u00e9 r\u00e9duite.<\/p>\n<p>Voir les photos de nos chambres.<\/p>\n","protected":false},"author":1,"featured_media":42,"parent":0,"menu_order":0,"comment_status":"closed","ping_status":"closed","template":"page_rooms.php","meta":{"footnotes":""},"class_list":["post-5","page","type-page","status-publish","has-post-thumbnail","hentry"],"_links":{"self":[{"href":"https:\/\/www.corallihotel.gr\/fr\/wp-json\/wp\/v2\/pages\/5","targetHints":{"allow":["GET"]}}],"collection":[{"href":"https:\/\/www.corallihotel.gr\/fr\/wp-json\/wp\/v2\/pages"}],"about":[{"href":"https:\/\/www.corallihotel.gr\/fr\/wp-json\/wp\/v2\/types\/page"}],"author":[{"embeddable":true,"href":"https:\/\/www.corallihotel.gr\/fr\/wp-json\/wp\/v2\/users\/1"}],"replies":[{"embeddable":true,"href":"https:\/\/www.corallihotel.gr\/fr\/wp-json\/wp\/v2\/comments?post=5"}],"version-history":[{"count":6,"href":"https:\/\/www.corallihotel.gr\/fr\/wp-json\/wp\/v2\/pages\/5\/revisions"}],"predecessor-version":[{"id":302,"href":"https:\/\/www.corallihotel.gr\/fr\/wp-json\/wp\/v2\/pages\/5\/revisions\/302"}],"wp:featuredmedia":[{"embeddable":true,"href":"https:\/\/www.corallihotel.gr\/fr\/wp-json\/wp\/v2\/media\/42"}],"wp:attachment":[{"href":"https:\/\/www.corallihotel.gr\/fr\/wp-json\/wp\/v2\/media?parent=5"}],"curies":[{"name":"wp","href":"https:\/\/api.w.org\/{rel}","templated":true}]}}