{"id":22,"date":"2017-11-14T15:13:20","date_gmt":"2017-11-14T15:13:20","guid":{"rendered":"http:\/\/corallihotel.codibee.solutions\/extra-page-four\/"},"modified":"2017-12-14T07:24:15","modified_gmt":"2017-12-14T07:24:15","slug":"contact","status":"publish","type":"page","link":"https:\/\/www.corallihotel.gr\/fr\/contact\/","title":{"rendered":"Contacts"},"content":{"rendered":"<p>Pour toute information s\u2019il vous pla\u00eet contactez-nous!<\/p>\n<p><strong>H\u00d4TEL CORALLI<\/strong><\/p>\n<p>Plage de Karavostasi, Thesprotia<br \/>\nGr\u00e8ce, P.C. 46100<\/p>\n<p>T\u00e9l\u00e9phone: +30 2665 091380<br \/>\nPortable: +30 6973 254978<br \/>\nFax: +30 2665 091378<br \/>\nE-mail:\u00a0<a href=\"mailto:corallihotel@otenet.gr\">corallihotel@otenet.gr<\/a><br \/>\nResponsable:\u00a0Konstantinos Papachristou<\/p>","protected":false},"excerpt":{"rendered":"<p>Pour toute information s\u2019il vous pla\u00eet contactez-nous! H\u00d4TEL CORALLI Plage de Karavostasi, Thesprotia Gr\u00e8ce, P.C. 46100 T\u00e9l\u00e9phone: +30 2665 091380 Portable: +30 6973 254978 Fax: +30 2665 091378 E-mail:\u00a0corallihotel@otenet.gr Responsable:\u00a0Konstantinos Papachristou<\/p>\n","protected":false},"author":1,"featured_media":41,"parent":0,"menu_order":0,"comment_status":"closed","ping_status":"closed","template":"","meta":{"footnotes":""},"class_list":["post-22","page","type-page","status-publish","has-post-thumbnail","hentry"],"_links":{"self":[{"href":"https:\/\/www.corallihotel.gr\/fr\/wp-json\/wp\/v2\/pages\/22","targetHints":{"allow":["GET"]}}],"collection":[{"href":"https:\/\/www.corallihotel.gr\/fr\/wp-json\/wp\/v2\/pages"}],"about":[{"href":"https:\/\/www.corallihotel.gr\/fr\/wp-json\/wp\/v2\/types\/page"}],"author":[{"embeddable":true,"href":"https:\/\/www.corallihotel.gr\/fr\/wp-json\/wp\/v2\/users\/1"}],"replies":[{"embeddable":true,"href":"https:\/\/www.corallihotel.gr\/fr\/wp-json\/wp\/v2\/comments?post=22"}],"version-history":[{"count":5,"href":"https:\/\/www.corallihotel.gr\/fr\/wp-json\/wp\/v2\/pages\/22\/revisions"}],"predecessor-version":[{"id":172,"href":"https:\/\/www.corallihotel.gr\/fr\/wp-json\/wp\/v2\/pages\/22\/revisions\/172"}],"wp:featuredmedia":[{"embeddable":true,"href":"https:\/\/www.corallihotel.gr\/fr\/wp-json\/wp\/v2\/media\/41"}],"wp:attachment":[{"href":"https:\/\/www.corallihotel.gr\/fr\/wp-json\/wp\/v2\/media?parent=22"}],"curies":[{"name":"wp","href":"https:\/\/api.w.org\/{rel}","templated":true}]}}