{"id":13,"date":"2017-11-14T15:13:20","date_gmt":"2017-11-14T15:13:20","guid":{"rendered":"http:\/\/corallihotel.codibee.solutions\/about-village\/"},"modified":"2018-01-24T08:21:40","modified_gmt":"2018-01-24T08:21:40","slug":"how-to-arrive","status":"publish","type":"page","link":"https:\/\/www.corallihotel.gr\/fr\/how-to-arrive\/","title":{"rendered":"Comment vous y rendre"},"content":{"rendered":"<p>Coordonn\u00e9es GPS<br \/>\nLatitude: 39.337920 \u2013 Longitude: 20.289043<\/p>\n<p>Notre h\u00f4tel se trouve sur la plage de Karavostasi\u00a0<a href=\"http:\/\/www.thesprotia.gr\/\" target=\"_blank\">Thesprotias<\/a>. Nous sommes \u00e0 environ 2km \u00a0d\u2019Arilla plage. Vous trouverez ci-dessous les modes d\u2019acc\u00e8s \u00e0 la plage de Karavostasi Thesprotias.<\/p>\n<h2>De Preveza\/Parga<\/h2>\n<p>En venant de Pr\u00e9veza, le plus court est de suivre au nord la E55 et environ 6km apr\u00e8s Margariti vous tournerez \u00e0 gauche \u00e0 Kart\u00e9ri. La plage de Karavostasi Thesprotias est \u00e0 12km de Kart\u00e9ri. Si vous disposez d\u2019un peu plus de temps, cela vaut la peine de sortir de la E55 au carrefour de Parga. Apr\u00e8s \u00eatre pass\u00e9 par la pittoresque Parga, vous poursuivrez au nord en passant par les derniers villages du nome de Pr\u00e9v\u00e9za, Anthoussa et Agia ; 17km apr\u00e8s, vous tournerez \u00e0 gauche vers les plages, sans avoir besoin de rentrer dans Perdika.<\/p>\n<h2>D&#8217; Igoumenitsa<\/h2>\n<p>Bien que vous puissiez arriver de m\u00eame par la E55 et Kart\u00e9ri, le meilleur itin\u00e9raire est de tourner \u00e0 droite \u00e0 Plataria et de suivre la c\u00f4te pendant 12km pour passer par la ravissante Sivota. 10km apr\u00e8s Sivota, en arrivant au village de la plage de Karavostasi\u00a0<a href=\"http:\/\/www.thesprotia.gr\/\" target=\"_blank\">Thesprotias<\/a>, vous pouvez tourner tout de suite \u00e0 droite vers les plages.<\/p>\n<h2>De Ioannina<\/h2>\n<p>En arrivant par l\u2019autoroute Egnatia, prendre la sortie Basilikos et suivre la direction de Mazarakia et Kart\u00e9ri.<\/p>\n<p>&nbsp;<\/p>\n<p><strong>PORT LE PLUS PROCHE:<br \/>\n<\/strong>Igoumenitsa (34km)<br \/>\n(Entr\u00e9e \/ Sortie de l\u2019autoroute Egnatia (A2), liaison avec l\u2019Europe via l\u2019Italie)<\/p>\n<p><strong>AEROPORTS LES PLUS PROCHES:<\/strong><br \/>\nAktio \u00e0 Pr\u00e9veza (70km), Corfou, Ioannina (100km)<\/p>\n<p>&nbsp;<\/p>\n<div id=\"map_wrapper\">\n<div id=\"map\" style=\"width: 100%; height: 100%\"><\/div>\n<div id=\"map_canvas\" class=\"mapping\"><\/div>\n<\/div>\n<p><\/p>","protected":false},"excerpt":{"rendered":"<p>Notre h\u00f4tel se trouve sur la plage de Karavostasi Thesprotias. Nous sommes \u00e0 environ 2km d\u2019 Arilla plage. Vous trouverez ci-dessous les modes d\u2019acc\u00e8s \u00e0 la plage de Karavostasi Thesprotias.<\/p>\n","protected":false},"author":1,"featured_media":86,"parent":0,"menu_order":0,"comment_status":"closed","ping_status":"closed","template":"","meta":{"footnotes":""},"class_list":["post-13","page","type-page","status-publish","has-post-thumbnail","hentry"],"_links":{"self":[{"href":"https:\/\/www.corallihotel.gr\/fr\/wp-json\/wp\/v2\/pages\/13","targetHints":{"allow":["GET"]}}],"collection":[{"href":"https:\/\/www.corallihotel.gr\/fr\/wp-json\/wp\/v2\/pages"}],"about":[{"href":"https:\/\/www.corallihotel.gr\/fr\/wp-json\/wp\/v2\/types\/page"}],"author":[{"embeddable":true,"href":"https:\/\/www.corallihotel.gr\/fr\/wp-json\/wp\/v2\/users\/1"}],"replies":[{"embeddable":true,"href":"https:\/\/www.corallihotel.gr\/fr\/wp-json\/wp\/v2\/comments?post=13"}],"version-history":[{"count":14,"href":"https:\/\/www.corallihotel.gr\/fr\/wp-json\/wp\/v2\/pages\/13\/revisions"}],"predecessor-version":[{"id":237,"href":"https:\/\/www.corallihotel.gr\/fr\/wp-json\/wp\/v2\/pages\/13\/revisions\/237"}],"wp:featuredmedia":[{"embeddable":true,"href":"https:\/\/www.corallihotel.gr\/fr\/wp-json\/wp\/v2\/media\/86"}],"wp:attachment":[{"href":"https:\/\/www.corallihotel.gr\/fr\/wp-json\/wp\/v2\/media?parent=13"}],"curies":[{"name":"wp","href":"https:\/\/api.w.org\/{rel}","templated":true}]}}