{"id":8,"date":"2017-11-14T15:13:20","date_gmt":"2017-11-14T15:13:20","guid":{"rendered":"http:\/\/corallihotel.codibee.solutions\/location\/"},"modified":"2024-01-05T07:11:12","modified_gmt":"2024-01-05T07:11:12","slug":"karavostasi-beach-thesprotia","status":"publish","type":"page","link":"https:\/\/www.corallihotel.gr\/de\/karavostasi-beach-thesprotia\/","title":{"rendered":"Die Region"},"content":{"rendered":"<p>Unser Hotel ist ideal gelegen f\u00fcr Tagesausfl\u00fcge in die n\u00e4here und fernere Umgebung. Sie werden einen g\u00fcnstigen Ausgangspunkt haben, um Thesprotien und die Region Epirus kennenzulernen. W\u00e4hrend Ihres Aufenthaltes im Hotel Coralli k\u00f6nnen Sie in der n\u00e4heren Umgebung auch an verschiedenen Aktivit\u00e4ten wie<strong> Trekking oder Wandern teilnehmen<\/strong>. Rund ums Hotel bieten sich tolle Gelegenheiten f\u00fcr Spazierg\u00e4nge, auf denen Sie den <strong>wundersch\u00f6nen Strand von Karavostasi und die idyllische Landschaft<\/strong> genie\u00dfen k\u00f6nnen. Es besteht auch die M\u00f6glichkeit, ein Fahrrad zu mieten, <strong>um die umliegenden Orte und Routen zu erkunden<\/strong>.<\/p>\n<br><br><div class=\"gallery clearfix\"><div class=\"grid-sizer\"><\/div><dl class=\"gallery-item\"><dt class=\"gallery-icon\"><a href=\"https:\/\/www.corallihotel.gr\/wp-content\/uploads\/sites\/229\/2017\/11\/sivota-greece-03-1024x686.jpg\"><img loading=\"lazy\" decoding=\"async\" width=\"320\" height=\"214\" src=\"https:\/\/www.corallihotel.gr\/wp-content\/uploads\/sites\/229\/2017\/11\/sivota-greece-03-320x214.jpg\" class=\"attachment-small-mobile size-small-mobile\" alt=\"\" srcset=\"https:\/\/www.corallihotel.gr\/wp-content\/uploads\/sites\/229\/2017\/11\/sivota-greece-03-320x214.jpg 320w, https:\/\/www.corallihotel.gr\/wp-content\/uploads\/sites\/229\/2017\/11\/sivota-greece-03-300x201.jpg 300w, https:\/\/www.corallihotel.gr\/wp-content\/uploads\/sites\/229\/2017\/11\/sivota-greece-03-1024x686.jpg 1024w, https:\/\/www.corallihotel.gr\/wp-content\/uploads\/sites\/229\/2017\/11\/sivota-greece-03-1280x858.jpg 1280w, https:\/\/www.corallihotel.gr\/wp-content\/uploads\/sites\/229\/2017\/11\/sivota-greece-03-680x456.jpg 680w, https:\/\/www.corallihotel.gr\/wp-content\/uploads\/sites\/229\/2017\/11\/sivota-greece-03.jpg 1733w\" sizes=\"auto, (max-width: 320px) 100vw, 320px\" \/><\/a><\/dt><\/dl><dl class=\"gallery-item\"><dt class=\"gallery-icon\"><a href=\"https:\/\/www.corallihotel.gr\/wp-content\/uploads\/sites\/229\/2017\/11\/sivota-greece-01-1024x686.jpg\"><img loading=\"lazy\" decoding=\"async\" width=\"320\" height=\"214\" src=\"https:\/\/www.corallihotel.gr\/wp-content\/uploads\/sites\/229\/2017\/11\/sivota-greece-01-320x214.jpg\" class=\"attachment-small-mobile size-small-mobile\" alt=\"\" srcset=\"https:\/\/www.corallihotel.gr\/wp-content\/uploads\/sites\/229\/2017\/11\/sivota-greece-01-320x214.jpg 320w, https:\/\/www.corallihotel.gr\/wp-content\/uploads\/sites\/229\/2017\/11\/sivota-greece-01-300x201.jpg 300w, https:\/\/www.corallihotel.gr\/wp-content\/uploads\/sites\/229\/2017\/11\/sivota-greece-01-1024x686.jpg 1024w, https:\/\/www.corallihotel.gr\/wp-content\/uploads\/sites\/229\/2017\/11\/sivota-greece-01-1280x858.jpg 1280w, https:\/\/www.corallihotel.gr\/wp-content\/uploads\/sites\/229\/2017\/11\/sivota-greece-01-680x456.jpg 680w, https:\/\/www.corallihotel.gr\/wp-content\/uploads\/sites\/229\/2017\/11\/sivota-greece-01.jpg 1733w\" sizes=\"auto, (max-width: 320px) 100vw, 320px\" \/><\/a><\/dt><\/dl><dl class=\"gallery-item\"><dt class=\"gallery-icon\"><a href=\"https:\/\/www.corallihotel.gr\/wp-content\/uploads\/sites\/229\/2017\/11\/sivota-greece-04-1024x686.jpg\"><img loading=\"lazy\" decoding=\"async\" width=\"320\" height=\"214\" src=\"https:\/\/www.corallihotel.gr\/wp-content\/uploads\/sites\/229\/2017\/11\/sivota-greece-04-320x214.jpg\" class=\"attachment-small-mobile size-small-mobile\" alt=\"\" srcset=\"https:\/\/www.corallihotel.gr\/wp-content\/uploads\/sites\/229\/2017\/11\/sivota-greece-04-320x214.jpg 320w, https:\/\/www.corallihotel.gr\/wp-content\/uploads\/sites\/229\/2017\/11\/sivota-greece-04-300x201.jpg 300w, https:\/\/www.corallihotel.gr\/wp-content\/uploads\/sites\/229\/2017\/11\/sivota-greece-04-1024x686.jpg 1024w, https:\/\/www.corallihotel.gr\/wp-content\/uploads\/sites\/229\/2017\/11\/sivota-greece-04-1280x858.jpg 1280w, https:\/\/www.corallihotel.gr\/wp-content\/uploads\/sites\/229\/2017\/11\/sivota-greece-04-680x456.jpg 680w, https:\/\/www.corallihotel.gr\/wp-content\/uploads\/sites\/229\/2017\/11\/sivota-greece-04.jpg 1733w\" sizes=\"auto, (max-width: 320px) 100vw, 320px\" \/><\/a><\/dt><\/dl><dl class=\"gallery-item\"><dt class=\"gallery-icon\"><a href=\"https:\/\/www.corallihotel.gr\/wp-content\/uploads\/sites\/229\/2017\/11\/kalamas-1024x686.jpg\"><img loading=\"lazy\" decoding=\"async\" width=\"320\" height=\"214\" src=\"https:\/\/www.corallihotel.gr\/wp-content\/uploads\/sites\/229\/2017\/11\/kalamas-320x214.jpg\" class=\"attachment-small-mobile size-small-mobile\" alt=\"\" srcset=\"https:\/\/www.corallihotel.gr\/wp-content\/uploads\/sites\/229\/2017\/11\/kalamas-320x214.jpg 320w, https:\/\/www.corallihotel.gr\/wp-content\/uploads\/sites\/229\/2017\/11\/kalamas-300x201.jpg 300w, https:\/\/www.corallihotel.gr\/wp-content\/uploads\/sites\/229\/2017\/11\/kalamas-1024x686.jpg 1024w, https:\/\/www.corallihotel.gr\/wp-content\/uploads\/sites\/229\/2017\/11\/kalamas-1280x858.jpg 1280w, https:\/\/www.corallihotel.gr\/wp-content\/uploads\/sites\/229\/2017\/11\/kalamas-680x456.jpg 680w, https:\/\/www.corallihotel.gr\/wp-content\/uploads\/sites\/229\/2017\/11\/kalamas-1920x1286.jpg 1920w\" sizes=\"auto, (max-width: 320px) 100vw, 320px\" \/><\/a><\/dt><\/dl><dl class=\"gallery-item\"><dt class=\"gallery-icon\"><a href=\"https:\/\/www.corallihotel.gr\/wp-content\/uploads\/sites\/229\/2017\/11\/sivota-greece-02-686x1024.jpg\"><img loading=\"lazy\" decoding=\"async\" width=\"320\" height=\"478\" src=\"https:\/\/www.corallihotel.gr\/wp-content\/uploads\/sites\/229\/2017\/11\/sivota-greece-02-320x478.jpg\" class=\"attachment-small-mobile size-small-mobile\" alt=\"\" srcset=\"https:\/\/www.corallihotel.gr\/wp-content\/uploads\/sites\/229\/2017\/11\/sivota-greece-02-320x478.jpg 320w, https:\/\/www.corallihotel.gr\/wp-content\/uploads\/sites\/229\/2017\/11\/sivota-greece-02-201x300.jpg 201w, https:\/\/www.corallihotel.gr\/wp-content\/uploads\/sites\/229\/2017\/11\/sivota-greece-02-686x1024.jpg 686w, https:\/\/www.corallihotel.gr\/wp-content\/uploads\/sites\/229\/2017\/11\/sivota-greece-02-680x1015.jpg 680w, https:\/\/www.corallihotel.gr\/wp-content\/uploads\/sites\/229\/2017\/11\/sivota-greece-02.jpg 1161w\" sizes=\"auto, (max-width: 320px) 100vw, 320px\" \/><\/a><\/dt><\/dl><\/div>\n<p>Im Folgenden stellen wir Ihnen einige Orte vor, die einen Besuch wert sind. Unsere Hotel-Mitarbeiter geben Ihnen gerne alle notwendigen Informationen sowie wertvolle Tipps f\u00fcr Ihre Ausfl\u00fcge. Wenden Sie sich bei Fragen ungeniert an uns. Wir beraten Sie gerne f\u00fcr Sehensw\u00fcrdigkeiten, Ausflugsziele usw.<\/p>\n<h3>Strand von Karavostasi<\/h3>\n<p>Sie k\u00f6nnen den Strand zu Fu\u00df erkunden oder mit dem Auto oder gar mit dem Fahrrad daran entlangfahren, sei es auf den Stra\u00dfen oder abseits davon.<\/p>\n<br><br><div class=\"gallery clearfix\"><div class=\"grid-sizer\"><\/div><dl class=\"gallery-item\"><dt class=\"gallery-icon\"><a href=\"https:\/\/www.corallihotel.gr\/wp-content\/uploads\/sites\/229\/2017\/11\/coralli-hotel-karavostasi-beach-1024x683.jpg\"><img loading=\"lazy\" decoding=\"async\" width=\"320\" height=\"213\" src=\"https:\/\/www.corallihotel.gr\/wp-content\/uploads\/sites\/229\/2017\/11\/coralli-hotel-karavostasi-beach-320x213.jpg\" class=\"attachment-small-mobile size-small-mobile\" alt=\"\" srcset=\"https:\/\/www.corallihotel.gr\/wp-content\/uploads\/sites\/229\/2017\/11\/coralli-hotel-karavostasi-beach-320x213.jpg 320w, https:\/\/www.corallihotel.gr\/wp-content\/uploads\/sites\/229\/2017\/11\/coralli-hotel-karavostasi-beach-300x200.jpg 300w, https:\/\/www.corallihotel.gr\/wp-content\/uploads\/sites\/229\/2017\/11\/coralli-hotel-karavostasi-beach-1024x683.jpg 1024w, https:\/\/www.corallihotel.gr\/wp-content\/uploads\/sites\/229\/2017\/11\/coralli-hotel-karavostasi-beach-1280x853.jpg 1280w, https:\/\/www.corallihotel.gr\/wp-content\/uploads\/sites\/229\/2017\/11\/coralli-hotel-karavostasi-beach-680x453.jpg 680w, https:\/\/www.corallihotel.gr\/wp-content\/uploads\/sites\/229\/2017\/11\/coralli-hotel-karavostasi-beach-1920x1280.jpg 1920w\" sizes=\"auto, (max-width: 320px) 100vw, 320px\" \/><\/a><\/dt><\/dl><dl class=\"gallery-item\"><dt class=\"gallery-icon\"><a href=\"https:\/\/www.corallihotel.gr\/wp-content\/uploads\/sites\/229\/2017\/11\/karavostasi-beach-01-1024x683.jpg\"><img loading=\"lazy\" decoding=\"async\" width=\"320\" height=\"213\" src=\"https:\/\/www.corallihotel.gr\/wp-content\/uploads\/sites\/229\/2017\/11\/karavostasi-beach-01-320x213.jpg\" class=\"attachment-small-mobile size-small-mobile\" alt=\"\" srcset=\"https:\/\/www.corallihotel.gr\/wp-content\/uploads\/sites\/229\/2017\/11\/karavostasi-beach-01-320x213.jpg 320w, https:\/\/www.corallihotel.gr\/wp-content\/uploads\/sites\/229\/2017\/11\/karavostasi-beach-01-300x200.jpg 300w, https:\/\/www.corallihotel.gr\/wp-content\/uploads\/sites\/229\/2017\/11\/karavostasi-beach-01-1024x683.jpg 1024w, https:\/\/www.corallihotel.gr\/wp-content\/uploads\/sites\/229\/2017\/11\/karavostasi-beach-01-1280x853.jpg 1280w, https:\/\/www.corallihotel.gr\/wp-content\/uploads\/sites\/229\/2017\/11\/karavostasi-beach-01-680x453.jpg 680w, https:\/\/www.corallihotel.gr\/wp-content\/uploads\/sites\/229\/2017\/11\/karavostasi-beach-01-1920x1280.jpg 1920w\" sizes=\"auto, (max-width: 320px) 100vw, 320px\" \/><\/a><\/dt><\/dl><dl class=\"gallery-item\"><dt class=\"gallery-icon\"><a href=\"https:\/\/www.corallihotel.gr\/wp-content\/uploads\/sites\/229\/2017\/11\/karavostasi-thesprotia-beach.jpg\"><img loading=\"lazy\" decoding=\"async\" width=\"320\" height=\"214\" src=\"https:\/\/www.corallihotel.gr\/wp-content\/uploads\/sites\/229\/2017\/11\/karavostasi-thesprotia-beach-320x214.jpg\" class=\"attachment-small-mobile size-small-mobile\" alt=\"\" srcset=\"https:\/\/www.corallihotel.gr\/wp-content\/uploads\/sites\/229\/2017\/11\/karavostasi-thesprotia-beach-320x214.jpg 320w, https:\/\/www.corallihotel.gr\/wp-content\/uploads\/sites\/229\/2017\/11\/karavostasi-thesprotia-beach-300x201.jpg 300w, https:\/\/www.corallihotel.gr\/wp-content\/uploads\/sites\/229\/2017\/11\/karavostasi-thesprotia-beach-680x456.jpg 680w, https:\/\/www.corallihotel.gr\/wp-content\/uploads\/sites\/229\/2017\/11\/karavostasi-thesprotia-beach.jpg 1000w\" sizes=\"auto, (max-width: 320px) 100vw, 320px\" \/><\/a><\/dt><\/dl><\/div>\n<h3>Die Region<\/h3>\n<p>Orte in der N\u00e4he des Strands von Karavostasi &#8211; Thesprotien, die einen Besuch wert sind:<\/p>\n<p>\u00bb Das Volksmuseum auf dem Hauptplatz von Perdika, gegen\u00fcber dem Rathaus und dem Kulturzentrum<br \/>\n\u00bb Das Kloster St. Athanasios<br \/>\n\u00bb Das alte Theater Dodoni (80km)<br \/>\n\u00bb\u00a0Meteora (3 &#8211; 3.5 Stunden)<br \/>\n\u00bb\u00a0Zagorochoria (120 &#8211; 150km)<br \/>\n\u00bb Vikos Gorge (120 &#8211; 150km)<\/p>\n<h3>Parga (17 km)<\/h3>\n<br><br><div class=\"gallery clearfix\"><div class=\"grid-sizer\"><\/div><dl class=\"gallery-item\"><dt class=\"gallery-icon\"><a href=\"https:\/\/www.corallihotel.gr\/wp-content\/uploads\/sites\/229\/2017\/11\/parga-greece-1024x686.jpg\"><img loading=\"lazy\" decoding=\"async\" width=\"320\" height=\"214\" src=\"https:\/\/www.corallihotel.gr\/wp-content\/uploads\/sites\/229\/2017\/11\/parga-greece-320x214.jpg\" class=\"attachment-small-mobile size-small-mobile\" alt=\"\" srcset=\"https:\/\/www.corallihotel.gr\/wp-content\/uploads\/sites\/229\/2017\/11\/parga-greece-320x214.jpg 320w, https:\/\/www.corallihotel.gr\/wp-content\/uploads\/sites\/229\/2017\/11\/parga-greece-300x201.jpg 300w, https:\/\/www.corallihotel.gr\/wp-content\/uploads\/sites\/229\/2017\/11\/parga-greece-1024x686.jpg 1024w, https:\/\/www.corallihotel.gr\/wp-content\/uploads\/sites\/229\/2017\/11\/parga-greece-1280x858.jpg 1280w, https:\/\/www.corallihotel.gr\/wp-content\/uploads\/sites\/229\/2017\/11\/parga-greece-680x456.jpg 680w, https:\/\/www.corallihotel.gr\/wp-content\/uploads\/sites\/229\/2017\/11\/parga-greece-1920x1286.jpg 1920w, https:\/\/www.corallihotel.gr\/wp-content\/uploads\/sites\/229\/2017\/11\/parga-greece.jpg 2000w\" sizes=\"auto, (max-width: 320px) 100vw, 320px\" \/><\/a><\/dt><\/dl><dl class=\"gallery-item\"><dt class=\"gallery-icon\"><a href=\"https:\/\/www.corallihotel.gr\/wp-content\/uploads\/sites\/229\/2017\/11\/parga-greece-02-1024x683.jpg\"><img loading=\"lazy\" decoding=\"async\" width=\"320\" height=\"213\" src=\"https:\/\/www.corallihotel.gr\/wp-content\/uploads\/sites\/229\/2017\/11\/parga-greece-02-320x213.jpg\" class=\"attachment-small-mobile size-small-mobile\" alt=\"\" srcset=\"https:\/\/www.corallihotel.gr\/wp-content\/uploads\/sites\/229\/2017\/11\/parga-greece-02-320x213.jpg 320w, https:\/\/www.corallihotel.gr\/wp-content\/uploads\/sites\/229\/2017\/11\/parga-greece-02-300x200.jpg 300w, https:\/\/www.corallihotel.gr\/wp-content\/uploads\/sites\/229\/2017\/11\/parga-greece-02-1024x683.jpg 1024w, https:\/\/www.corallihotel.gr\/wp-content\/uploads\/sites\/229\/2017\/11\/parga-greece-02-1280x853.jpg 1280w, https:\/\/www.corallihotel.gr\/wp-content\/uploads\/sites\/229\/2017\/11\/parga-greece-02-680x453.jpg 680w, https:\/\/www.corallihotel.gr\/wp-content\/uploads\/sites\/229\/2017\/11\/parga-greece-02-1920x1280.jpg 1920w\" sizes=\"auto, (max-width: 320px) 100vw, 320px\" \/><\/a><\/dt><\/dl><dl class=\"gallery-item\"><dt class=\"gallery-icon\"><a href=\"https:\/\/www.corallihotel.gr\/wp-content\/uploads\/sites\/229\/2017\/11\/parga-greece-05-1024x683.jpg\"><img loading=\"lazy\" decoding=\"async\" width=\"320\" height=\"213\" src=\"https:\/\/www.corallihotel.gr\/wp-content\/uploads\/sites\/229\/2017\/11\/parga-greece-05-320x213.jpg\" class=\"attachment-small-mobile size-small-mobile\" alt=\"\" srcset=\"https:\/\/www.corallihotel.gr\/wp-content\/uploads\/sites\/229\/2017\/11\/parga-greece-05-320x213.jpg 320w, https:\/\/www.corallihotel.gr\/wp-content\/uploads\/sites\/229\/2017\/11\/parga-greece-05-300x200.jpg 300w, https:\/\/www.corallihotel.gr\/wp-content\/uploads\/sites\/229\/2017\/11\/parga-greece-05-1024x683.jpg 1024w, https:\/\/www.corallihotel.gr\/wp-content\/uploads\/sites\/229\/2017\/11\/parga-greece-05-1280x853.jpg 1280w, https:\/\/www.corallihotel.gr\/wp-content\/uploads\/sites\/229\/2017\/11\/parga-greece-05-680x453.jpg 680w, https:\/\/www.corallihotel.gr\/wp-content\/uploads\/sites\/229\/2017\/11\/parga-greece-05-1920x1280.jpg 1920w\" sizes=\"auto, (max-width: 320px) 100vw, 320px\" \/><\/a><\/dt><\/dl><\/div>\n<h3>Sivota (16 km)<\/h3>\n<p>Ein nahegelegenes Ziel ist das sch\u00f6ne Sivota mit seinen Str\u00e4ndens.<\/p>\n<p><img loading=\"lazy\" decoding=\"async\" class=\"aligncenter size-medium wp-image-80\" src=\"http:\/\/www.corallihotel.gr\/wp-content\/uploads\/sites\/229\/2017\/11\/sivota-beaches-300x201.jpg\" alt=\"sivota-beaches\" width=\"300\" height=\"201\" srcset=\"https:\/\/www.corallihotel.gr\/wp-content\/uploads\/sites\/229\/2017\/11\/sivota-beaches-300x201.jpg 300w, https:\/\/www.corallihotel.gr\/wp-content\/uploads\/sites\/229\/2017\/11\/sivota-beaches-1024x685.jpg 1024w, https:\/\/www.corallihotel.gr\/wp-content\/uploads\/sites\/229\/2017\/11\/sivota-beaches-1280x856.jpg 1280w, https:\/\/www.corallihotel.gr\/wp-content\/uploads\/sites\/229\/2017\/11\/sivota-beaches-320x214.jpg 320w, https:\/\/www.corallihotel.gr\/wp-content\/uploads\/sites\/229\/2017\/11\/sivota-beaches-680x455.jpg 680w, https:\/\/www.corallihotel.gr\/wp-content\/uploads\/sites\/229\/2017\/11\/sivota-beaches-1920x1283.jpg 1920w, https:\/\/www.corallihotel.gr\/wp-content\/uploads\/sites\/229\/2017\/11\/sivota-beaches.jpg 2048w\" sizes=\"auto, (max-width: 300px) 100vw, 300px\" \/><\/p>\n<h3>Souli &#8211; Acheron (43 km von Gliki)<\/h3>\n<p>Der Fluss Acheron gilt als der Fluss der Mythen und Legenden, denn in der griechischen Mythologie bringt Charon die Toten \u00fcber den Fluss Acheron bis zum Eingang des Hades. Sie k\u00f6nnen am Ufer des Flusses Acheron entlang trekken, an manchen Stellen sogar im Fluss selber. Rafting und Pferdereiten stehen ebenfalls zur Verf\u00fcgung. Auch auf dem Fahrrad k\u00f6nnen Sie die wundersch\u00f6ne Landschaft genie\u00dfen. Bergpfade f\u00fchren bis zum sagenumworbenen Ort Souli.<\/p>\n<p><br><br><div class=\"gallery clearfix\"><div class=\"grid-sizer\"><\/div><dl class=\"gallery-item\"><dt class=\"gallery-icon\"><a href=\"https:\/\/www.corallihotel.gr\/wp-content\/uploads\/sites\/229\/2017\/11\/sivota-greece-05.jpg\"><img loading=\"lazy\" decoding=\"async\" width=\"320\" height=\"214\" src=\"https:\/\/www.corallihotel.gr\/wp-content\/uploads\/sites\/229\/2017\/11\/sivota-greece-05-320x214.jpg\" class=\"attachment-small-mobile size-small-mobile\" alt=\"\" srcset=\"https:\/\/www.corallihotel.gr\/wp-content\/uploads\/sites\/229\/2017\/11\/sivota-greece-05-320x214.jpg 320w, https:\/\/www.corallihotel.gr\/wp-content\/uploads\/sites\/229\/2017\/11\/sivota-greece-05-300x201.jpg 300w, https:\/\/www.corallihotel.gr\/wp-content\/uploads\/sites\/229\/2017\/11\/sivota-greece-05-680x456.jpg 680w, https:\/\/www.corallihotel.gr\/wp-content\/uploads\/sites\/229\/2017\/11\/sivota-greece-05.jpg 967w\" sizes=\"auto, (max-width: 320px) 100vw, 320px\" \/><\/a><\/dt><\/dl><dl class=\"gallery-item\"><dt class=\"gallery-icon\"><a href=\"https:\/\/www.corallihotel.gr\/wp-content\/uploads\/sites\/229\/2017\/11\/acheron-river-03-683x1024.jpg\"><img loading=\"lazy\" decoding=\"async\" width=\"320\" height=\"480\" src=\"https:\/\/www.corallihotel.gr\/wp-content\/uploads\/sites\/229\/2017\/11\/acheron-river-03-320x480.jpg\" class=\"attachment-small-mobile size-small-mobile\" alt=\"\" srcset=\"https:\/\/www.corallihotel.gr\/wp-content\/uploads\/sites\/229\/2017\/11\/acheron-river-03-320x480.jpg 320w, https:\/\/www.corallihotel.gr\/wp-content\/uploads\/sites\/229\/2017\/11\/acheron-river-03-200x300.jpg 200w, https:\/\/www.corallihotel.gr\/wp-content\/uploads\/sites\/229\/2017\/11\/acheron-river-03-683x1024.jpg 683w, https:\/\/www.corallihotel.gr\/wp-content\/uploads\/sites\/229\/2017\/11\/acheron-river-03-1280x1920.jpg 1280w, https:\/\/www.corallihotel.gr\/wp-content\/uploads\/sites\/229\/2017\/11\/acheron-river-03-680x1020.jpg 680w, https:\/\/www.corallihotel.gr\/wp-content\/uploads\/sites\/229\/2017\/11\/acheron-river-03-1920x2880.jpg 1920w\" sizes=\"auto, (max-width: 320px) 100vw, 320px\" \/><\/a><\/dt><\/dl><dl class=\"gallery-item\"><dt class=\"gallery-icon\"><a href=\"https:\/\/www.corallihotel.gr\/wp-content\/uploads\/sites\/229\/2017\/11\/sivota-greece-06.jpg\"><img loading=\"lazy\" decoding=\"async\" width=\"320\" height=\"478\" src=\"https:\/\/www.corallihotel.gr\/wp-content\/uploads\/sites\/229\/2017\/11\/sivota-greece-06-320x478.jpg\" class=\"attachment-small-mobile size-small-mobile\" alt=\"\" srcset=\"https:\/\/www.corallihotel.gr\/wp-content\/uploads\/sites\/229\/2017\/11\/sivota-greece-06-320x478.jpg 320w, https:\/\/www.corallihotel.gr\/wp-content\/uploads\/sites\/229\/2017\/11\/sivota-greece-06-201x300.jpg 201w, https:\/\/www.corallihotel.gr\/wp-content\/uploads\/sites\/229\/2017\/11\/sivota-greece-06.jpg 670w\" sizes=\"auto, (max-width: 320px) 100vw, 320px\" \/><\/a><\/dt><\/dl><dl class=\"gallery-item\"><dt class=\"gallery-icon\"><a href=\"https:\/\/www.corallihotel.gr\/wp-content\/uploads\/sites\/229\/2017\/11\/acheron-river-02-1024x686.jpg\"><img loading=\"lazy\" decoding=\"async\" width=\"320\" height=\"214\" src=\"https:\/\/www.corallihotel.gr\/wp-content\/uploads\/sites\/229\/2017\/11\/acheron-river-02-320x214.jpg\" class=\"attachment-small-mobile size-small-mobile\" alt=\"\" srcset=\"https:\/\/www.corallihotel.gr\/wp-content\/uploads\/sites\/229\/2017\/11\/acheron-river-02-320x214.jpg 320w, https:\/\/www.corallihotel.gr\/wp-content\/uploads\/sites\/229\/2017\/11\/acheron-river-02-300x201.jpg 300w, https:\/\/www.corallihotel.gr\/wp-content\/uploads\/sites\/229\/2017\/11\/acheron-river-02-1024x686.jpg 1024w, https:\/\/www.corallihotel.gr\/wp-content\/uploads\/sites\/229\/2017\/11\/acheron-river-02-1280x858.jpg 1280w, https:\/\/www.corallihotel.gr\/wp-content\/uploads\/sites\/229\/2017\/11\/acheron-river-02-680x456.jpg 680w, https:\/\/www.corallihotel.gr\/wp-content\/uploads\/sites\/229\/2017\/11\/acheron-river-02.jpg 1910w\" sizes=\"auto, (max-width: 320px) 100vw, 320px\" \/><\/a><\/dt><\/dl><dl class=\"gallery-item\"><dt class=\"gallery-icon\"><a href=\"https:\/\/www.corallihotel.gr\/wp-content\/uploads\/sites\/229\/2017\/11\/acheron-river-05-1024x683.jpg\"><img loading=\"lazy\" decoding=\"async\" width=\"320\" height=\"213\" src=\"https:\/\/www.corallihotel.gr\/wp-content\/uploads\/sites\/229\/2017\/11\/acheron-river-05-320x213.jpg\" class=\"attachment-small-mobile size-small-mobile\" alt=\"\" srcset=\"https:\/\/www.corallihotel.gr\/wp-content\/uploads\/sites\/229\/2017\/11\/acheron-river-05-320x213.jpg 320w, https:\/\/www.corallihotel.gr\/wp-content\/uploads\/sites\/229\/2017\/11\/acheron-river-05-300x200.jpg 300w, https:\/\/www.corallihotel.gr\/wp-content\/uploads\/sites\/229\/2017\/11\/acheron-river-05-1024x683.jpg 1024w, https:\/\/www.corallihotel.gr\/wp-content\/uploads\/sites\/229\/2017\/11\/acheron-river-05-1280x853.jpg 1280w, https:\/\/www.corallihotel.gr\/wp-content\/uploads\/sites\/229\/2017\/11\/acheron-river-05-680x453.jpg 680w, https:\/\/www.corallihotel.gr\/wp-content\/uploads\/sites\/229\/2017\/11\/acheron-river-05-1920x1280.jpg 1920w\" sizes=\"auto, (max-width: 320px) 100vw, 320px\" \/><\/a><\/dt><\/dl><dl class=\"gallery-item\"><dt class=\"gallery-icon\"><a href=\"https:\/\/www.corallihotel.gr\/wp-content\/uploads\/sites\/229\/2017\/11\/acheron-river-04-1024x683.jpg\"><img loading=\"lazy\" decoding=\"async\" width=\"320\" height=\"213\" src=\"https:\/\/www.corallihotel.gr\/wp-content\/uploads\/sites\/229\/2017\/11\/acheron-river-04-320x213.jpg\" class=\"attachment-small-mobile size-small-mobile\" alt=\"\" srcset=\"https:\/\/www.corallihotel.gr\/wp-content\/uploads\/sites\/229\/2017\/11\/acheron-river-04-320x213.jpg 320w, https:\/\/www.corallihotel.gr\/wp-content\/uploads\/sites\/229\/2017\/11\/acheron-river-04-300x200.jpg 300w, https:\/\/www.corallihotel.gr\/wp-content\/uploads\/sites\/229\/2017\/11\/acheron-river-04-1024x683.jpg 1024w, https:\/\/www.corallihotel.gr\/wp-content\/uploads\/sites\/229\/2017\/11\/acheron-river-04-1280x853.jpg 1280w, https:\/\/www.corallihotel.gr\/wp-content\/uploads\/sites\/229\/2017\/11\/acheron-river-04-680x453.jpg 680w, https:\/\/www.corallihotel.gr\/wp-content\/uploads\/sites\/229\/2017\/11\/acheron-river-04-1920x1280.jpg 1920w\" sizes=\"auto, (max-width: 320px) 100vw, 320px\" \/><\/a><\/dt><\/dl><dl class=\"gallery-item\"><dt class=\"gallery-icon\"><a href=\"https:\/\/www.corallihotel.gr\/wp-content\/uploads\/sites\/229\/2017\/11\/vrellis-museum-1024x686.jpg\"><img loading=\"lazy\" decoding=\"async\" width=\"320\" height=\"214\" src=\"https:\/\/www.corallihotel.gr\/wp-content\/uploads\/sites\/229\/2017\/11\/vrellis-museum-320x214.jpg\" class=\"attachment-small-mobile size-small-mobile\" alt=\"\" srcset=\"https:\/\/www.corallihotel.gr\/wp-content\/uploads\/sites\/229\/2017\/11\/vrellis-museum-320x214.jpg 320w, https:\/\/www.corallihotel.gr\/wp-content\/uploads\/sites\/229\/2017\/11\/vrellis-museum-300x201.jpg 300w, https:\/\/www.corallihotel.gr\/wp-content\/uploads\/sites\/229\/2017\/11\/vrellis-museum-1024x686.jpg 1024w, https:\/\/www.corallihotel.gr\/wp-content\/uploads\/sites\/229\/2017\/11\/vrellis-museum-1280x858.jpg 1280w, https:\/\/www.corallihotel.gr\/wp-content\/uploads\/sites\/229\/2017\/11\/vrellis-museum-680x456.jpg 680w, https:\/\/www.corallihotel.gr\/wp-content\/uploads\/sites\/229\/2017\/11\/vrellis-museum.jpg 1612w\" sizes=\"auto, (max-width: 320px) 100vw, 320px\" \/><\/a><\/dt><\/dl><\/div><\/p>","protected":false},"excerpt":{"rendered":"<p>Unser Hotel ist ideal gelegen f\u00fcr Tagesausfl\u00fcge in die n\u00e4here und fernere Umgebung. Sie werden einen g\u00fcnstigen Ausgangspunkt haben, um Thesprotien und die Region Epirus kennenzulernen. W\u00e4hrend Ihres Aufenthaltes im Hotel Coralli k\u00f6nnen Sie in der n\u00e4heren Umgebung auch an verschiedenen Aktivit\u00e4ten wie Trekking oder Wandern teilnehmen.<\/p>\n","protected":false},"author":1,"featured_media":116,"parent":0,"menu_order":0,"comment_status":"closed","ping_status":"closed","template":"page_location.php","meta":{"footnotes":""},"class_list":["post-8","page","type-page","status-publish","has-post-thumbnail","hentry"],"_links":{"self":[{"href":"https:\/\/www.corallihotel.gr\/de\/wp-json\/wp\/v2\/pages\/8","targetHints":{"allow":["GET"]}}],"collection":[{"href":"https:\/\/www.corallihotel.gr\/de\/wp-json\/wp\/v2\/pages"}],"about":[{"href":"https:\/\/www.corallihotel.gr\/de\/wp-json\/wp\/v2\/types\/page"}],"author":[{"embeddable":true,"href":"https:\/\/www.corallihotel.gr\/de\/wp-json\/wp\/v2\/users\/1"}],"replies":[{"embeddable":true,"href":"https:\/\/www.corallihotel.gr\/de\/wp-json\/wp\/v2\/comments?post=8"}],"version-history":[{"count":21,"href":"https:\/\/www.corallihotel.gr\/de\/wp-json\/wp\/v2\/pages\/8\/revisions"}],"predecessor-version":[{"id":296,"href":"https:\/\/www.corallihotel.gr\/de\/wp-json\/wp\/v2\/pages\/8\/revisions\/296"}],"wp:featuredmedia":[{"embeddable":true,"href":"https:\/\/www.corallihotel.gr\/de\/wp-json\/wp\/v2\/media\/116"}],"wp:attachment":[{"href":"https:\/\/www.corallihotel.gr\/de\/wp-json\/wp\/v2\/media?parent=8"}],"curies":[{"name":"wp","href":"https:\/\/api.w.org\/{rel}","templated":true}]}}