{"id":6,"date":"2017-11-14T15:13:20","date_gmt":"2017-11-14T15:13:20","guid":{"rendered":"http:\/\/corallihotel.codibee.solutions\/facilities\/"},"modified":"2024-01-05T07:10:23","modified_gmt":"2024-01-05T07:10:23","slug":"facilities","status":"publish","type":"page","link":"https:\/\/www.corallihotel.gr\/de\/facilities\/","title":{"rendered":"Ausstattung"},"content":{"rendered":"<p>Das Coralli ist ein Vier-Sterne-Hotel der A-Kategorie, das hochwertige Einrichtungen und Services bietet, darunter:<\/p>\n<div class=\"cdb-container hotel_facilities\">\n<ul class=\"cdb-row\">\n<li class=\"cdb-quarter cdb-gutter\">Restaurant (\u00e0 la carte)<\/li>\n<li class=\"cdb-quarter cdb-gutter\">Bars am Innen- und Au\u00dfen Pool<\/li>\n<li class=\"cdb-quarter cdb-gutter\">Lounge<\/li>\n<li class=\"cdb-quarter cdb-gutter\">Swimmingpools (ein gro\u00dfer und ein kleiner, in Betrieb vom 01\/06 bis zum 30\/09)<\/li>\n<\/ul>\n<ul class=\"cdb-row\">\n<li class=\"cdb-quarter cdb-gutter\">Jacuzzi (in Betrieb vom 01\/06 bis zum 30\/09)<\/li>\n<li class=\"cdb-quarter cdb-gutter\">Parkpl\u00e4tze<\/li>\n<li class=\"cdb-quarter cdb-gutter\">Internetzugang<\/li>\n<li class=\"cdb-quarter cdb-gutter\">Bankett-Service<\/li>\n<\/ul>\n<ul class=\"cdb-row\">\n<li class=\"cdb-quarter cdb-gutter\">Kostenloses Wi-Fi<\/li>\n<li class=\"cdb-quarter cdb-gutter\">Rollstuhlzugang<\/li>\n<li class=\"cdb-quarter cdb-gutter\">Heizung<\/li>\n<li class=\"cdb-quarter cdb-gutter\">Schallisolierte Zimmer<\/li>\n<\/ul>\n<ul class=\"cdb-row\">\n<li class=\"cdb-quarter cdb-gutter\">Nahe am Strand gelegen<\/li>\n<li class=\"cdb-quarter cdb-gutter\">Badet\u00fccher f\u00fcr den Pool<\/li>\n<li class=\"cdb-quarter cdb-gutter\">T\u00e4gliche Zimmerreinigung<\/li>\n<li class=\"cdb-quarter cdb-gutter\">W\u00e4scheservice (gegen Aufpreis)<\/li>\n<\/ul>\n<ul class=\"cdb-row\">\n<li class=\"cdb-quarter cdb-gutter\">Transfer vom Flughafen Aktio \/ Preveza (Extrakosten)<\/li>\n<li class=\"cdb-quarter cdb-gutter\">Transfer vom Flughafen Ioannina (Extrakosten)<\/li>\n<li class=\"cdb-quarter cdb-gutter\">Transfer vom Hafen Igoumenitsa (Extrakosten)<\/li>\n<\/ul>\n<\/div>\n<div class=\"cdb-container\"><\/div>\n<p>&nbsp;<\/p>\n<p>Unsere Unterkunft verf\u00fcgt \u00fcber sch\u00f6ne gro\u00dfe Zimmer (40m2), Apartments (52m2) und ein behindertengerechtes Studio &#8211; alle mit folgender Ausstattung:<\/p>\n<div class=\"cdb-container hotel_facilities\">\n<ul class=\"cdb-row\">\n<li class=\"cdb-quarter cdb-gutter\">Komplette K\u00fcche<\/li>\n<li class=\"cdb-quarter cdb-gutter\">Eigenes Badezimmer<\/li>\n<li class=\"cdb-quarter cdb-gutter\">Private Balkons<\/li>\n<li class=\"cdb-quarter cdb-gutter\">Klimaanlage<\/li>\n<\/ul>\n<ul class=\"cdb-row\">\n<li class=\"cdb-quarter cdb-gutter\">Plasmafernseher<\/li>\n<li class=\"cdb-quarter cdb-gutter\">Safe<\/li>\n<li class=\"cdb-quarter cdb-gutter\">K\u00fchlschrank<\/li>\n<li class=\"cdb-quarter cdb-gutter\">Blick aufs Meer und die Berge<\/li>\n<\/ul>\n<ul class=\"cdb-row\">\n<li class=\"cdb-quarter cdb-gutter\">Moskito-Netze<\/li>\n<li class=\"cdb-quarter cdb-gutter\">Dusche<\/li>\n<li class=\"cdb-quarter cdb-gutter\">WC<\/li>\n<\/ul>\n<div class=\"cdb-container\"><\/div>\n<p>&nbsp;<\/p>\n<p><strong>Bilder der R\u00e4umlichkeiten des Hotels finden Sie im <a href=\"http:\/\/corallihotel.codibee.solutions\/de\/photos\/\" target=\"_blank\" rel=\"noopener\">Fotobereich<\/a>.<\/strong><\/p>","protected":false},"excerpt":{"rendered":"<p>Das Coralli ist ein Vier-Sterne-Hotel der A-Kategorie, das hochwertige Einrichtungen und Services bietet, darunter: Restaurant (\u00e0 la carte) Bars am Innen- und Au\u00dfen Pool Lounge Swimmingpools (ein gro\u00dfer und ein kleiner, in Betrieb vom 01\/06 bis zum 30\/09) Jacuzzi (in Betrieb vom 01\/06 bis zum 30\/09) Parkpl\u00e4tze Internetzugang Bankett-Service Kostenloses Wi-Fi Rollstuhlzugang Heizung Schallisolierte Zimmer [&hellip;]<\/p>\n","protected":false},"author":1,"featured_media":24,"parent":0,"menu_order":0,"comment_status":"closed","ping_status":"closed","template":"page_facilities.php","meta":{"footnotes":""},"class_list":["post-6","page","type-page","status-publish","has-post-thumbnail","hentry"],"_links":{"self":[{"href":"https:\/\/www.corallihotel.gr\/de\/wp-json\/wp\/v2\/pages\/6","targetHints":{"allow":["GET"]}}],"collection":[{"href":"https:\/\/www.corallihotel.gr\/de\/wp-json\/wp\/v2\/pages"}],"about":[{"href":"https:\/\/www.corallihotel.gr\/de\/wp-json\/wp\/v2\/types\/page"}],"author":[{"embeddable":true,"href":"https:\/\/www.corallihotel.gr\/de\/wp-json\/wp\/v2\/users\/1"}],"replies":[{"embeddable":true,"href":"https:\/\/www.corallihotel.gr\/de\/wp-json\/wp\/v2\/comments?post=6"}],"version-history":[{"count":13,"href":"https:\/\/www.corallihotel.gr\/de\/wp-json\/wp\/v2\/pages\/6\/revisions"}],"predecessor-version":[{"id":295,"href":"https:\/\/www.corallihotel.gr\/de\/wp-json\/wp\/v2\/pages\/6\/revisions\/295"}],"wp:featuredmedia":[{"embeddable":true,"href":"https:\/\/www.corallihotel.gr\/de\/wp-json\/wp\/v2\/media\/24"}],"wp:attachment":[{"href":"https:\/\/www.corallihotel.gr\/de\/wp-json\/wp\/v2\/media?parent=6"}],"curies":[{"name":"wp","href":"https:\/\/api.w.org\/{rel}","templated":true}]}}