{"id":5,"date":"2017-11-14T15:13:20","date_gmt":"2017-11-14T15:13:20","guid":{"rendered":"http:\/\/corallihotel.codibee.solutions\/accommodation\/"},"modified":"2025-05-11T16:07:31","modified_gmt":"2025-05-11T16:07:31","slug":"rooms-suites","status":"publish","type":"page","link":"https:\/\/www.corallihotel.gr\/de\/rooms-suites\/","title":{"rendered":"Unterkunft"},"content":{"rendered":"<p>Das Hotel Coralli verf\u00fcgt \u00fcber sch\u00f6ne Studios und Suiten direkt am Strand von Karavostasi, Thesprotien. Die Zimmer sind gro\u00dfz\u00fcgig ausgestattet und bieten verschiedene Annehmlichkeiten. Unser Hotel verf\u00fcgt auch \u00fcber ein behindertengerechtes Zimmer.<\/p>","protected":false},"excerpt":{"rendered":"<p>Das Hotel Coralli verf\u00fcgt \u00fcber sch\u00f6ne Studios und Suiten direkt am Strand von Karavostasi, Thesprotien. Die Zimmer sind gro\u00dfz\u00fcgig ausgestattet und bieten verschiedene Annehmlichkeiten. Unser Hotel verf\u00fcgt auch \u00fcber ein behindertengerechtes Zimmer.<\/p>\n<p>Die Fotos unserer Zimmer anschauen.<\/p>\n","protected":false},"author":1,"featured_media":42,"parent":0,"menu_order":0,"comment_status":"closed","ping_status":"closed","template":"page_rooms.php","meta":{"footnotes":""},"class_list":["post-5","page","type-page","status-publish","has-post-thumbnail","hentry"],"_links":{"self":[{"href":"https:\/\/www.corallihotel.gr\/de\/wp-json\/wp\/v2\/pages\/5","targetHints":{"allow":["GET"]}}],"collection":[{"href":"https:\/\/www.corallihotel.gr\/de\/wp-json\/wp\/v2\/pages"}],"about":[{"href":"https:\/\/www.corallihotel.gr\/de\/wp-json\/wp\/v2\/types\/page"}],"author":[{"embeddable":true,"href":"https:\/\/www.corallihotel.gr\/de\/wp-json\/wp\/v2\/users\/1"}],"replies":[{"embeddable":true,"href":"https:\/\/www.corallihotel.gr\/de\/wp-json\/wp\/v2\/comments?post=5"}],"version-history":[{"count":6,"href":"https:\/\/www.corallihotel.gr\/de\/wp-json\/wp\/v2\/pages\/5\/revisions"}],"predecessor-version":[{"id":302,"href":"https:\/\/www.corallihotel.gr\/de\/wp-json\/wp\/v2\/pages\/5\/revisions\/302"}],"wp:featuredmedia":[{"embeddable":true,"href":"https:\/\/www.corallihotel.gr\/de\/wp-json\/wp\/v2\/media\/42"}],"wp:attachment":[{"href":"https:\/\/www.corallihotel.gr\/de\/wp-json\/wp\/v2\/media?parent=5"}],"curies":[{"name":"wp","href":"https:\/\/api.w.org\/{rel}","templated":true}]}}