{"id":13,"date":"2017-11-14T15:13:20","date_gmt":"2017-11-14T15:13:20","guid":{"rendered":"http:\/\/corallihotel.codibee.solutions\/about-village\/"},"modified":"2018-01-24T08:21:40","modified_gmt":"2018-01-24T08:21:40","slug":"how-to-arrive","status":"publish","type":"page","link":"https:\/\/www.corallihotel.gr\/de\/how-to-arrive\/","title":{"rendered":"Anfahrt"},"content":{"rendered":"<p>GPS Koordinaten<br \/>\nBreitengrad: 39.337920 \u2013 L\u00e4ngengrad: 20.289043<\/p>\n<p>Das Hotel Coralli liegt am Strand von Karavostasi in <a href=\"http:\/\/www.thesprotia.gr\/\" target=\"_blank\">Thesprotien<\/a>. Wir sind ca. 2 km vom Strand von Arilla entfernt. So k\u00f6nnen Sie das Hotel mit dem Auto erreichen:<\/p>\n<h2>Von Preveza oder Parga<\/h2>\n<p>Aus Preveza kommend folgenden Sie der E55, falls Sie die k\u00fcrzeste Route w\u00e4hlen. Ca. 6 km nach Margariti biegen Sie nach Karteri nach links ab. Falls Sie ein bisschen Zeit zur Verf\u00fcgung haben, lohnt es sich, die E55 zu verlassen und das malerische Parga zu durchqueren. Fahren Sie danach Richtung Norden, durch die D\u00f6rfer Anthousa und Agia und biegen Sie dann nach 17 km links in Richtung der Str\u00e4nde ab, ohne durch Perdika zufahren.<\/p>\n<h2>Von Igoumenitsa<\/h2>\n<p>Auch von hier aus k\u00f6nnen Sie uns auf der E55 \u00fcber Karteri erreichen, aber wir schlagen Ihnen vor, in Plataria rechts abzubiegen und auf einer Strecke von 12 km der K\u00fcste entlangzufahren und das sch\u00f6ne Sivota zu durchfahren. Nach weiteren 10 km kommen Sie direkt Perdika an und k\u00f6nnen dann unmittelbar nach rechts zu den Str\u00e4nden von Karavostasi \u2013 Thesprotien abbiegen.<\/p>\n<h2>Von Ioannina<\/h2>\n<p>Verlassen Sie die Autobahn A2 (Egnatia) bei der Ausfahrt Vassilikos und fahren Sie durch Mazarakia und Karteri.<\/p>\n<p>&nbsp;<\/p>\n<p><strong>N\u00c4CHSTGELEGENER HAFEN:<br \/>\n<\/strong>Igoumenitsa (34km)<br \/>\n(Autobahnanfang der A2\/Egnatia, Verbindungen nach Korfu und Italien)<\/p>\n<p><strong>N\u00c4CHSTGELEGENE FLUGHFAEN:<\/strong><br \/>\nAktio Preveza (70 km), Korfu, Ioannina (100 km)<\/p>\n<p>&nbsp;<\/p>\n<div id=\"map_wrapper\">\n<div id=\"map\" style=\"width: 100%; height: 100%\"><\/div>\n<div id=\"map_canvas\" class=\"mapping\"><\/div>\n<\/div>\n<p><\/p>","protected":false},"excerpt":{"rendered":"<p>Das Hotel Coralli liegt am Strand von Karavostasi in Thesprotien. Wir sind ca. 2 km vom Strand von Arilla entfernt. So k\u00f6nnen Sie das Hotel mit dem Auto erreichen.<\/p>\n","protected":false},"author":1,"featured_media":86,"parent":0,"menu_order":0,"comment_status":"closed","ping_status":"closed","template":"","meta":{"footnotes":""},"class_list":["post-13","page","type-page","status-publish","has-post-thumbnail","hentry"],"_links":{"self":[{"href":"https:\/\/www.corallihotel.gr\/de\/wp-json\/wp\/v2\/pages\/13","targetHints":{"allow":["GET"]}}],"collection":[{"href":"https:\/\/www.corallihotel.gr\/de\/wp-json\/wp\/v2\/pages"}],"about":[{"href":"https:\/\/www.corallihotel.gr\/de\/wp-json\/wp\/v2\/types\/page"}],"author":[{"embeddable":true,"href":"https:\/\/www.corallihotel.gr\/de\/wp-json\/wp\/v2\/users\/1"}],"replies":[{"embeddable":true,"href":"https:\/\/www.corallihotel.gr\/de\/wp-json\/wp\/v2\/comments?post=13"}],"version-history":[{"count":14,"href":"https:\/\/www.corallihotel.gr\/de\/wp-json\/wp\/v2\/pages\/13\/revisions"}],"predecessor-version":[{"id":237,"href":"https:\/\/www.corallihotel.gr\/de\/wp-json\/wp\/v2\/pages\/13\/revisions\/237"}],"wp:featuredmedia":[{"embeddable":true,"href":"https:\/\/www.corallihotel.gr\/de\/wp-json\/wp\/v2\/media\/86"}],"wp:attachment":[{"href":"https:\/\/www.corallihotel.gr\/de\/wp-json\/wp\/v2\/media?parent=13"}],"curies":[{"name":"wp","href":"https:\/\/api.w.org\/{rel}","templated":true}]}}